{"id":1711,"date":"2021-11-21T15:14:41","date_gmt":"2021-11-21T15:14:41","guid":{"rendered":"https:\/\/amati.org.gt\/services\/"},"modified":"2024-05-26T12:13:10","modified_gmt":"2024-05-26T18:13:10","slug":"lago","status":"publish","type":"page","link":"https:\/\/amati.org.gt\/en\/lago\/","title":{"rendered":"Lake"},"content":{"rendered":"<div data-elementor-type=\"wp-page\" data-elementor-id=\"1711\" class=\"elementor elementor-1711\">\n\t\t\t\t<div class=\"elementor-element elementor-element-80e5443 e-flex e-con-boxed e-con e-parent\" data-id=\"80e5443\" data-element_type=\"container\" data-e-type=\"container\">\n\t\t\t\t\t<div class=\"e-con-inner\">\n\t\t\t\t\t<\/div>\n\t\t\t\t<\/div>\n\t\t<div class=\"elementor-element elementor-element-2a51c6d e-flex e-con-boxed e-con e-parent\" data-id=\"2a51c6d\" data-element_type=\"container\" data-e-type=\"container\">\n\t\t\t\t\t<div class=\"e-con-inner\">\n\t\t\t\t<div class=\"elementor-element elementor-element-fff4be0 elementor-widget elementor-widget-spacer\" data-id=\"fff4be0\" data-element_type=\"widget\" data-e-type=\"widget\" data-widget_type=\"spacer.default\">\n\t\t\t\t<div class=\"elementor-widget-container\">\n\t\t\t\t\t\t\t<div class=\"elementor-spacer\">\n\t\t\t<div class=\"elementor-spacer-inner\"><\/div>\n\t\t<\/div>\n\t\t\t\t\t\t<\/div>\n\t\t\t\t<\/div>\n\t\t\t\t<div class=\"elementor-element elementor-element-ccc4b62 elementor-widget elementor-widget-spacer\" data-id=\"ccc4b62\" data-element_type=\"widget\" data-e-type=\"widget\" data-widget_type=\"spacer.default\">\n\t\t\t\t<div class=\"elementor-widget-container\">\n\t\t\t\t\t\t\t<div class=\"elementor-spacer\">\n\t\t\t<div class=\"elementor-spacer-inner\"><\/div>\n\t\t<\/div>\n\t\t\t\t\t\t<\/div>\n\t\t\t\t<\/div>\n\t\t\t\t<div class=\"elementor-element elementor-element-65e1731 elementor-widget elementor-widget-image\" data-id=\"65e1731\" data-element_type=\"widget\" data-e-type=\"widget\" data-widget_type=\"image.default\">\n\t\t\t\t<div class=\"elementor-widget-container\">\n\t\t\t\t\t\t\t\t\t\t\t\t\t\t\t<img fetchpriority=\"high\" decoding=\"async\" width=\"1024\" height=\"766\" src=\"https:\/\/amati.org.gt\/wp-content\/uploads\/2023\/12\/Screenshot-2023-12-01-at-9.22.50\u202fPM-1024x766.webp\" class=\"attachment-large size-large wp-image-2094\" alt=\"\" srcset=\"https:\/\/amati.org.gt\/wp-content\/uploads\/2023\/12\/Screenshot-2023-12-01-at-9.22.50\u202fPM-1024x766.webp 1024w, https:\/\/amati.org.gt\/wp-content\/uploads\/2023\/12\/Screenshot-2023-12-01-at-9.22.50\u202fPM-300x224.webp 300w, https:\/\/amati.org.gt\/wp-content\/uploads\/2023\/12\/Screenshot-2023-12-01-at-9.22.50\u202fPM-768x574.webp 768w, https:\/\/amati.org.gt\/wp-content\/uploads\/2023\/12\/Screenshot-2023-12-01-at-9.22.50\u202fPM-1536x1148.webp 1536w, https:\/\/amati.org.gt\/wp-content\/uploads\/2023\/12\/Screenshot-2023-12-01-at-9.22.50\u202fPM.webp 1835w\" sizes=\"(max-width: 1024px) 100vw, 1024px\" \/>\t\t\t\t\t\t\t\t\t\t\t\t\t\t\t<\/div>\n\t\t\t\t<\/div>\n\t\t\t\t<div class=\"elementor-element elementor-element-a0d8c8c elementor-widget elementor-widget-heading\" data-id=\"a0d8c8c\" data-element_type=\"widget\" data-e-type=\"widget\" data-widget_type=\"heading.default\">\n\t\t\t\t<div class=\"elementor-widget-container\">\n\t\t\t\t\t<h2 class=\"elementor-heading-title elementor-size-default\">Lago de Amatitl\u00e1n<\/h2>\t\t\t\t<\/div>\n\t\t\t\t<\/div>\n\t\t\t\t<div class=\"elementor-element elementor-element-edcf27f elementor-widget elementor-widget-text-editor\" data-id=\"edcf27f\" data-element_type=\"widget\" data-e-type=\"widget\" data-widget_type=\"text-editor.default\">\n\t\t\t\t<div class=\"elementor-widget-container\">\n\t\t\t\t\t\t\t\t\t<p>Es un lago de cr\u00e1ter situado a 26 kms. de la Ciudad de Guatemala a 1,188 metros sobre el nivel del mar. Tiene 12 kms. de largo y 3 kms. de ancho, con una superficie de 15.2 kil\u00f3metros cuadrados es el cuarto cuerpo de agua m\u00e1s grande de Guatemala. Su profundidad m\u00e1xima es de 33 m. y su profundidad media de 18 m. La cuenca del lago comprende 14 municipios de los departamentos de Guatemala y Sacatep\u00e9quez: Fraijanes, Guatemala, Magdalena Milpas Altas, Mixco, San Bartolom\u00e9 Milpas Altas, San Lucas y San Pedro Sacatep\u00e9quez, Santa Catarina Pinula, Santa Luc\u00eda Milpas Altas, Santiago Sacatep\u00e9quez, y los cuatro municipios que rodean el lago: Amatitl\u00e1n, San Miguel Petapa, Villa Canales y Villa Nueva. La poblaci\u00f3n de la cuenca sobrepasa los 2 millones de habitantes.<\/p><p>\u00a0<\/p><p>La palabra Amatitl\u00e1n viene del N\u00e1huatl y significa rodeado de amates (<i>ficus\u00a0ins\u00edpida<\/i>). El r\u00edo Villalobos es su mayor afluente y sus aguas son drenadas por el r\u00edo Michatoya que pertenece a la cuenca del r\u00edo Mar\u00eda Linda. Otros r\u00edos de la cuenca son: Platanitos, Pinula, Las Minas, Tuluj\u00e1, El Bosque, Molino, San Lucas y Parrame\u00f1o. El agua del lago es utilizada para fines dom\u00e9sticos, agr\u00edcolas, generaci\u00f3n el\u00e9ctrica, pesca, fines recreativos y tur\u00edsticos. En el lago se han llevado a cabo competencias de deportes n\u00e1uticos c\u00f3mo los Juegos Centroamericanos y Centroamericanos y del Caribe.<\/p><p>\u00a0<\/p><p>El r\u00edo Villalobos es uno de los principales desag\u00fces de aguas servidas dom\u00e9sticas, industriales y agroindustriales del \u00e1rea metropolitana de la Ciudad de Guatemala. Cada a\u00f1o un volumen importante de aguas negras y 500,000 metros c\u00fabicos de sedimentos entran en el lago, lo que ha resultado en altos niveles de contaminaci\u00f3n y una acelerada eutrofizaci\u00f3n y sedimentaci\u00f3n.<\/p>\t\t\t\t\t\t\t\t<\/div>\n\t\t\t\t<\/div>\n\t\t\t\t<div class=\"elementor-element elementor-element-0ce465b elementor-widget-divider--view-line elementor-widget elementor-widget-divider\" data-id=\"0ce465b\" data-element_type=\"widget\" data-e-type=\"widget\" data-widget_type=\"divider.default\">\n\t\t\t\t<div class=\"elementor-widget-container\">\n\t\t\t\t\t\t\t<div class=\"elementor-divider\">\n\t\t\t<span class=\"elementor-divider-separator\">\n\t\t\t\t\t\t<\/span>\n\t\t<\/div>\n\t\t\t\t\t\t<\/div>\n\t\t\t\t<\/div>\n\t\t\t\t<div class=\"elementor-element elementor-element-89aa9b5 elementor-widget elementor-widget-heading\" data-id=\"89aa9b5\" data-element_type=\"widget\" data-e-type=\"widget\" data-widget_type=\"heading.default\">\n\t\t\t\t<div class=\"elementor-widget-container\">\n\t\t\t\t\t<h2 class=\"elementor-heading-title elementor-size-default\">Seguro que no sab\u00edas que...<\/h2>\t\t\t\t<\/div>\n\t\t\t\t<\/div>\n\t\t\t\t<div class=\"elementor-element elementor-element-ecb0089 elementor-widget elementor-widget-text-editor\" data-id=\"ecb0089\" data-element_type=\"widget\" data-e-type=\"widget\" data-widget_type=\"text-editor.default\">\n\t\t\t\t<div class=\"elementor-widget-container\">\n\t\t\t\t\t\t\t\t\t<p>No es un lago&#8230; \u00a1Son dos! En 1884, cu\u00e1ndo ampliaron la l\u00ednea f\u00e9rrea de Escuintla a la Ciudad de Guatemala, construyeron un dique de aproximadamente 200 metros de largo en la parte m\u00e1s estrecha del lago, dejando un puente sobre un estrecho canal de aproximadamente 10 metros. Este dique, hoy en d\u00eda conocido c\u00f3mo &#8220;El Relleno&#8221;, pr\u00e1cticamente divide el lago en 2 cuerpos de agua con caracter\u00edsticas f\u00edsicas y qu\u00edmicas distintas. En el lado noroccidental se encuentran los r\u00edos Villalobos y Michatoya, lo que hace que la concentraci\u00f3n de contaminantes sea m\u00e1s alta en ese lado.<\/p>\t\t\t\t\t\t\t\t<\/div>\n\t\t\t\t<\/div>\n\t\t\t\t<div class=\"elementor-element elementor-element-10d9de4 elementor-widget elementor-widget-image\" data-id=\"10d9de4\" data-element_type=\"widget\" data-e-type=\"widget\" data-widget_type=\"image.default\">\n\t\t\t\t<div class=\"elementor-widget-container\">\n\t\t\t\t\t\t\t\t\t\t\t\t\t\t\t<img decoding=\"async\" width=\"1024\" height=\"576\" src=\"https:\/\/amati.org.gt\/wp-content\/uploads\/2023\/12\/0014-1024x576.webp\" class=\"attachment-large size-large wp-image-2061\" alt=\"\" srcset=\"https:\/\/amati.org.gt\/wp-content\/uploads\/2023\/12\/0014-1024x576.webp 1024w, https:\/\/amati.org.gt\/wp-content\/uploads\/2023\/12\/0014-300x169.webp 300w, https:\/\/amati.org.gt\/wp-content\/uploads\/2023\/12\/0014-768x432.webp 768w, https:\/\/amati.org.gt\/wp-content\/uploads\/2023\/12\/0014-1536x864.webp 1536w, https:\/\/amati.org.gt\/wp-content\/uploads\/2023\/12\/0014.webp 1920w\" sizes=\"(max-width: 1024px) 100vw, 1024px\" \/>\t\t\t\t\t\t\t\t\t\t\t\t\t\t\t<\/div>\n\t\t\t\t<\/div>\n\t\t\t\t<div class=\"elementor-element elementor-element-08a77c8 elementor-widget-divider--view-line elementor-widget elementor-widget-divider\" data-id=\"08a77c8\" data-element_type=\"widget\" data-e-type=\"widget\" data-widget_type=\"divider.default\">\n\t\t\t\t<div class=\"elementor-widget-container\">\n\t\t\t\t\t\t\t<div class=\"elementor-divider\">\n\t\t\t<span class=\"elementor-divider-separator\">\n\t\t\t\t\t\t<\/span>\n\t\t<\/div>\n\t\t\t\t\t\t<\/div>\n\t\t\t\t<\/div>\n\t\t\t\t<div class=\"elementor-element elementor-element-6df5a4d elementor-widget elementor-widget-text-editor\" data-id=\"6df5a4d\" data-element_type=\"widget\" data-e-type=\"widget\" data-widget_type=\"text-editor.default\">\n\t\t\t\t<div class=\"elementor-widget-container\">\n\t\t\t\t\t\t\t\t\t<p><span style=\"color: #000000; font-family: Verdana, sans-serif;\">El lado suroriental no recibe desag\u00fces de grandes poblaciones pero si un exceso de nutrientes por la agricultura que se lleva a cabo en sus m\u00e1rgenes. Este exceso de nutrientes provoca el crecimiento excesivo de algas verde-azules (cianobacterias), que le dan su caracter\u00edsitco color verdoso.<\/span><\/p>\t\t\t\t\t\t\t\t<\/div>\n\t\t\t\t<\/div>\n\t\t\t\t<div class=\"elementor-element elementor-element-061123d elementor-widget elementor-widget-image\" data-id=\"061123d\" data-element_type=\"widget\" data-e-type=\"widget\" data-widget_type=\"image.default\">\n\t\t\t\t<div class=\"elementor-widget-container\">\n\t\t\t\t\t\t\t\t\t\t\t\t\t\t\t<img decoding=\"async\" width=\"800\" height=\"533\" src=\"https:\/\/amati.org.gt\/wp-content\/uploads\/2023\/11\/sei128954418.webp\" class=\"attachment-large size-large wp-image-1947\" alt=\"\" srcset=\"https:\/\/amati.org.gt\/wp-content\/uploads\/2023\/11\/sei128954418.webp 800w, https:\/\/amati.org.gt\/wp-content\/uploads\/2023\/11\/sei128954418-300x200.webp 300w, https:\/\/amati.org.gt\/wp-content\/uploads\/2023\/11\/sei128954418-768x512.webp 768w\" sizes=\"(max-width: 800px) 100vw, 800px\" \/>\t\t\t\t\t\t\t\t\t\t\t\t\t\t\t<\/div>\n\t\t\t\t<\/div>\n\t\t\t\t<div class=\"elementor-element elementor-element-fba8ae3 elementor-widget elementor-widget-text-editor\" data-id=\"fba8ae3\" data-element_type=\"widget\" data-e-type=\"widget\" data-widget_type=\"text-editor.default\">\n\t\t\t\t<div class=\"elementor-widget-container\">\n\t\t\t\t\t\t\t\t\t<p>Fotograf\u00eda de Daniel Nu\u00f1ez que gan\u00f3 el premio Wildlife Photographer of the year 2022<\/p>\t\t\t\t\t\t\t\t<\/div>\n\t\t\t\t<\/div>\n\t\t\t\t<div class=\"elementor-element elementor-element-419373e elementor-widget-divider--view-line elementor-widget elementor-widget-divider\" data-id=\"419373e\" data-element_type=\"widget\" data-e-type=\"widget\" data-widget_type=\"divider.default\">\n\t\t\t\t<div class=\"elementor-widget-container\">\n\t\t\t\t\t\t\t<div class=\"elementor-divider\">\n\t\t\t<span class=\"elementor-divider-separator\">\n\t\t\t\t\t\t<\/span>\n\t\t<\/div>\n\t\t\t\t\t\t<\/div>\n\t\t\t\t<\/div>\n\t\t\t\t<div class=\"elementor-element elementor-element-5c251b3 elementor-widget elementor-widget-text-editor\" data-id=\"5c251b3\" data-element_type=\"widget\" data-e-type=\"widget\" data-widget_type=\"text-editor.default\">\n\t\t\t\t<div class=\"elementor-widget-container\">\n\t\t\t\t\t\t\t\t\t<p>En el mundo hay pocas procesiones acu\u00e1ticas y el lago de Amatitl\u00e1n no tiene una&#8230; \u00a1Tiene 2! La principal y m\u00e1s conocida es la del Ni\u00f1o Dios de Amatitl\u00e1n, que se lleva a cabo el D\u00eda de la Santa Cruz (3 de mayo). Esta sale de la playa p\u00fablica de Amatitl\u00e1n y tiene la particularidad que dejan durante unas horas al Ni\u00f1o Dios en &#8220;La silla del ni\u00f1o&#8221;, un pe\u00f1\u00f3n a orillas del lago.<\/p>\n<p><\/p>\n<p>La segunda es la del Ni\u00f1o Dios de Bel\u00e9n, bastante m\u00e1s peque\u00f1a y se lleva a cabo en el lado suroriental del lago alrededor de la Semana Santa. Esta sale de la iglesia de Aldea Tacat\u00f3n y va por las casas de la orilla pidiendo &#8220;limosna&#8221;.<\/p>\n<p><\/p>\n<p>Cuenta una de las leyendas, que \u00e9stas procesiones tiene su or\u00edgen con la construcci\u00f3n de &#8220;El Relleno&#8221;, los trabajadores se pasaban el d\u00eda entero apilando piedras que durante la noche desaparec\u00edan. Una noche, el celador decidi\u00f3 investigar y descubri\u00f3 que un ni\u00f1o peque\u00f1o, de apenas un par de a\u00f1os, que se acercaba a las piedras y las empujaba con el pie. Las piedras rodaban y se hund\u00edan en el fondo del lago. Cu\u00e1ndo el celador increp\u00f3 al ni\u00f1o, \u00e9ste le respondi\u00f3 que todas esas tierras le pertenec\u00edan y que nadie le hab\u00eda pedido permiso de erigir el dique. A cambio de autorizar su construcci\u00f3n, el ni\u00f1o pidi\u00f3 se le hiciera un altar y una procesi\u00f3n acu\u00e1tica.<\/p>\n<p><\/p>\t\t\t\t\t\t\t\t<\/div>\n\t\t\t\t<\/div>\n\t\t\t\t<div class=\"elementor-element elementor-element-577723d elementor-widget elementor-widget-image\" data-id=\"577723d\" data-element_type=\"widget\" data-e-type=\"widget\" data-widget_type=\"image.default\">\n\t\t\t\t<div class=\"elementor-widget-container\">\n\t\t\t\t\t\t\t\t\t\t\t\t\t\t\t<img loading=\"lazy\" decoding=\"async\" width=\"1024\" height=\"683\" src=\"https:\/\/amati.org.gt\/wp-content\/uploads\/2023\/11\/R-1024x683.jpeg\" class=\"attachment-large size-large wp-image-1951\" alt=\"\" srcset=\"https:\/\/amati.org.gt\/wp-content\/uploads\/2023\/11\/R-1024x683.jpeg 1024w, https:\/\/amati.org.gt\/wp-content\/uploads\/2023\/11\/R-300x200.jpeg 300w, https:\/\/amati.org.gt\/wp-content\/uploads\/2023\/11\/R-768x512.jpeg 768w, https:\/\/amati.org.gt\/wp-content\/uploads\/2023\/11\/R.jpeg 1200w\" sizes=\"(max-width: 1024px) 100vw, 1024px\" \/>\t\t\t\t\t\t\t\t\t\t\t\t\t\t\t<\/div>\n\t\t\t\t<\/div>\n\t\t\t\t<div class=\"elementor-element elementor-element-f786cd7 elementor-widget elementor-widget-text-editor\" data-id=\"f786cd7\" data-element_type=\"widget\" data-e-type=\"widget\" data-widget_type=\"text-editor.default\">\n\t\t\t\t<div class=\"elementor-widget-container\">\n\t\t\t\t\t\t\t\t\t<p>Fotograf\u00eda de Prensa Libre<\/p>\t\t\t\t\t\t\t\t<\/div>\n\t\t\t\t<\/div>\n\t\t\t\t\t<\/div>\n\t\t\t\t<\/div>\n\t\t<div class=\"elementor-element elementor-element-9b9797c e-flex e-con-boxed e-con e-parent\" data-id=\"9b9797c\" data-element_type=\"container\" data-e-type=\"container\">\n\t\t\t\t\t<div class=\"e-con-inner\">\n\t\t\t\t<div class=\"elementor-element elementor-element-f33de1e elementor-widget-divider--view-line elementor-widget elementor-widget-divider\" data-id=\"f33de1e\" data-element_type=\"widget\" data-e-type=\"widget\" data-widget_type=\"divider.default\">\n\t\t\t\t<div class=\"elementor-widget-container\">\n\t\t\t\t\t\t\t<div class=\"elementor-divider\">\n\t\t\t<span class=\"elementor-divider-separator\">\n\t\t\t\t\t\t<\/span>\n\t\t<\/div>\n\t\t\t\t\t\t<\/div>\n\t\t\t\t<\/div>\n\t\t\t\t<div class=\"elementor-element elementor-element-2892099 elementor-widget elementor-widget-text-editor\" data-id=\"2892099\" data-element_type=\"widget\" data-e-type=\"widget\" data-widget_type=\"text-editor.default\">\n\t\t\t\t<div class=\"elementor-widget-container\">\n\t\t\t\t\t\t\t\t\t<p>En el lago se siguen practicando deportes n\u00e1uticos. La <a href=\"https:\/\/www.remoycanotajegt.com\/\" target=\"_blank\" rel=\"noopener\">Federaci\u00f3n Nacional de Remo y Canotaje<\/a> se encuentra a un costado de la playa p\u00fablica de Amatitl\u00e1n y la <a href=\"https:\/\/www.velagt.com\/\" target=\"_blank\" rel=\"noopener\">Asociaci\u00f3n Nacional de Navegaci\u00f3n a Vela<\/a> est\u00e1 en la Aldea Bel\u00e9n, en el Km. 32 de la carretera de circunvalaci\u00f3n al lago de Amatitl\u00e1n. Los fines de semana es posible ver tambi\u00e9n esquiadores en el lado suroriental, especialmente en la Bah\u00eda Rinc\u00f3n de Venecia, tambi\u00e9n conocida c\u00f3mo la bah\u00eda del esquiador. En el \u00e1rea entre El Zapote y Playa de Oro est\u00e1 &#8220;Las Canchas Polo Club&#8221;, que le pertenece a la <a href=\"http:\/\/www.pologuatemala.org\/\" target=\"_blank\" rel=\"noopener\">Asociaci\u00f3n Nacional de Polo<\/a>.&nbsp;<\/p>\t\t\t\t\t\t\t\t<\/div>\n\t\t\t\t<\/div>\n\t\t\t\t<div class=\"elementor-element elementor-element-da9bc22 elementor-widget elementor-widget-image\" data-id=\"da9bc22\" data-element_type=\"widget\" data-e-type=\"widget\" data-widget_type=\"image.default\">\n\t\t\t\t<div class=\"elementor-widget-container\">\n\t\t\t\t\t\t\t\t\t\t\t\t\t\t\t<img loading=\"lazy\" decoding=\"async\" width=\"1024\" height=\"682\" src=\"https:\/\/amati.org.gt\/wp-content\/uploads\/2023\/11\/Isabella-Maegli-1024x682.webp\" class=\"attachment-large size-large wp-image-1957\" alt=\"\" srcset=\"https:\/\/amati.org.gt\/wp-content\/uploads\/2023\/11\/Isabella-Maegli-1024x682.webp 1024w, https:\/\/amati.org.gt\/wp-content\/uploads\/2023\/11\/Isabella-Maegli-300x200.webp 300w, https:\/\/amati.org.gt\/wp-content\/uploads\/2023\/11\/Isabella-Maegli-768x512.webp 768w, https:\/\/amati.org.gt\/wp-content\/uploads\/2023\/11\/Isabella-Maegli.webp 1280w\" sizes=\"(max-width: 1024px) 100vw, 1024px\" \/>\t\t\t\t\t\t\t\t\t\t\t\t\t\t\t<\/div>\n\t\t\t\t<\/div>\n\t\t\t\t\t<\/div>\n\t\t\t\t<\/div>\n\t\t<div class=\"elementor-element elementor-element-af09fb8 e-flex e-con-boxed e-con e-parent\" data-id=\"af09fb8\" data-element_type=\"container\" data-e-type=\"container\">\n\t\t\t\t\t<div class=\"e-con-inner\">\n\t\t\t\t<div class=\"elementor-element elementor-element-93aeccb elementor-widget elementor-widget-text-editor\" data-id=\"93aeccb\" data-element_type=\"widget\" data-e-type=\"widget\" data-widget_type=\"text-editor.default\">\n\t\t\t\t<div class=\"elementor-widget-container\">\n\t\t\t\t\t\t\t\t\t<p>Fotograf\u00eda de AsoVela Guatemala<\/p>\t\t\t\t\t\t\t\t<\/div>\n\t\t\t\t<\/div>\n\t\t\t\t<div class=\"elementor-element elementor-element-a4e0546 elementor-widget-divider--view-line elementor-widget elementor-widget-divider\" data-id=\"a4e0546\" data-element_type=\"widget\" data-e-type=\"widget\" data-widget_type=\"divider.default\">\n\t\t\t\t<div class=\"elementor-widget-container\">\n\t\t\t\t\t\t\t<div class=\"elementor-divider\">\n\t\t\t<span class=\"elementor-divider-separator\">\n\t\t\t\t\t\t<\/span>\n\t\t<\/div>\n\t\t\t\t\t\t<\/div>\n\t\t\t\t<\/div>\n\t\t\t\t<div class=\"elementor-element elementor-element-d1c3b27 elementor-widget elementor-widget-text-editor\" data-id=\"d1c3b27\" data-element_type=\"widget\" data-e-type=\"widget\" data-widget_type=\"text-editor.default\">\n\t\t\t\t<div class=\"elementor-widget-container\">\n\t\t\t\t\t\t\t\t\t<p>A orillas del lago se puede encontrar el primer parque del <a href=\"https:\/\/irtra.org.gt\/parques\/?pid=91\" target=\"_blank\" rel=\"noopener\">Instituto de Recreaci\u00f3n de los Trabajadores de la Empresa Privada de Guatemala (IRTRA)<\/a>. Tambi\u00e9n hay una infinidad de lugares para hacer eventos, algunos restaurantes y varias <a href=\"https:\/\/www.airbnb.com\/s\/Amatitlan--Guatemala\/homes?tab_id=home_tab&amp;refinement_paths%5B%5D=%2Fhomes&amp;flexible_trip_lengths%5B%5D=one_week&amp;monthly_start_date=2023-12-01&amp;monthly_length=3&amp;price_filter_input_type=0&amp;channel=EXPLORE&amp;query=Amatitlan%2C%20Guatemala&amp;place_id=ChIJBaXMiHIIiYUR8YnuBSVhWLc&amp;date_picker_type=calendar&amp;source=structured_search_input_header&amp;search_type=user_map_move&amp;price_filter_num_nights=5&amp;ne_lat=14.495014142776935&amp;ne_lng=-90.50681464363902&amp;sw_lat=14.419331930918812&amp;sw_lng=-90.61365756258283&amp;zoom=14.868037014733698&amp;zoom_level=14.868037014733698&amp;search_by_map=true\" target=\"_blank\" rel=\"noopener\">casas de alquiler<\/a>. En la Ruta Departamental GUA-10, que baja de Carretera a El Salvador hac\u00eda Santa Elena Barillas hay un hotel y varios restaurantes con vistas espectaculares del lago y los volcanes Pacaya y Agua. En la Ruta Departamental GUA-27 que baja de la RD GUA-10 hasta el lago, se encuentra el Mirador de Santa Elena Barillas. Desde la Carretera de Circunvalaci\u00f3n al lago es posible llegar a la laguna de Calderas y al Parque Nacional Volc\u00e1n de Pacaya, a trav\u00e9s de la Ruta Departamental GUA-3. En el pueblo de Amatitl\u00e1n se puede comer una mojarra a orillas del lago y luego comprar dulces t\u00edpicos en los puestos ubicados en la Calle de las Ninfas. Tambi\u00e9n hay varios lugares que ofrecen ba\u00f1os de aguas termales, y se destacan <a href=\"https:\/\/www.santateresita.com.gt\/\" target=\"_blank\" rel=\"noopener\">Sta. Teresita\/Kawilal Spa<\/a> y <a href=\"https:\/\/rocarena.com.gt\/\" target=\"_blank\" rel=\"noopener\">El Rocarena.<\/a><\/p>\t\t\t\t\t\t\t\t<\/div>\n\t\t\t\t<\/div>\n\t\t\t\t<div class=\"elementor-element elementor-element-f14bdcf elementor-widget elementor-widget-image\" data-id=\"f14bdcf\" data-element_type=\"widget\" data-e-type=\"widget\" data-widget_type=\"image.default\">\n\t\t\t\t<div class=\"elementor-widget-container\">\n\t\t\t\t\t\t\t\t\t\t\t\t\t\t\t<img loading=\"lazy\" decoding=\"async\" width=\"1024\" height=\"576\" src=\"https:\/\/amati.org.gt\/wp-content\/uploads\/2023\/11\/0022-1024x576.webp\" class=\"attachment-large size-large wp-image-1961\" alt=\"\" srcset=\"https:\/\/amati.org.gt\/wp-content\/uploads\/2023\/11\/0022-1024x576.webp 1024w, https:\/\/amati.org.gt\/wp-content\/uploads\/2023\/11\/0022-300x169.webp 300w, https:\/\/amati.org.gt\/wp-content\/uploads\/2023\/11\/0022-768x432.webp 768w, https:\/\/amati.org.gt\/wp-content\/uploads\/2023\/11\/0022-1536x864.webp 1536w, https:\/\/amati.org.gt\/wp-content\/uploads\/2023\/11\/0022.webp 1920w\" sizes=\"(max-width: 1024px) 100vw, 1024px\" \/>\t\t\t\t\t\t\t\t\t\t\t\t\t\t\t<\/div>\n\t\t\t\t<\/div>\n\t\t\t\t<div class=\"elementor-element elementor-element-d974703 elementor-align-center elementor-widget elementor-widget-button\" data-id=\"d974703\" data-element_type=\"widget\" data-e-type=\"widget\" data-widget_type=\"button.default\">\n\t\t\t\t<div class=\"elementor-widget-container\">\n\t\t\t\t\t\t\t\t\t<div class=\"elementor-button-wrapper\">\n\t\t\t\t\t<a class=\"elementor-button elementor-button-link elementor-size-sm\" href=\"https:\/\/amati.org.gt\/en\/asociarse\/\">\n\t\t\t\t\t\t<span class=\"elementor-button-content-wrapper\">\n\t\t\t\t\t\t\t\t\t<span class=\"elementor-button-text\">Asociarse<\/span>\n\t\t\t\t\t<\/span>\n\t\t\t\t\t<\/a>\n\t\t\t\t<\/div>\n\t\t\t\t\t\t\t\t<\/div>\n\t\t\t\t<\/div>\n\t\t\t\t\t<\/div>\n\t\t\t\t<\/div>\n\t\t\t\t<\/div>","protected":false},"excerpt":{"rendered":"<p>Lago de Amatitl\u00e1n Es un lago de cr\u00e1ter situado a 26 kms. de la Ciudad de Guatemala a 1,188 metros sobre el nivel del mar. Tiene 12 kms. de largo y 3 kms. de ancho, con una superficie de 15.2 kil\u00f3metros cuadrados es el cuarto cuerpo de agua m\u00e1s grande de Guatemala. Su profundidad m\u00e1xima [&hellip;]<\/p>\n","protected":false},"author":1,"featured_media":0,"parent":0,"menu_order":0,"comment_status":"closed","ping_status":"closed","template":"","meta":{"site-sidebar-layout":"no-sidebar","site-content-layout":"page-builder","ast-site-content-layout":"full-width-container","site-content-style":"unboxed","site-sidebar-style":"unboxed","ast-global-header-display":"","ast-banner-title-visibility":"","ast-main-header-display":"","ast-hfb-above-header-display":"","ast-hfb-below-header-display":"","ast-hfb-mobile-header-display":"","site-post-title":"disabled","ast-breadcrumbs-content":"","ast-featured-img":"disabled","footer-sml-layout":"","ast-disable-related-posts":"","theme-transparent-header-meta":"enabled","adv-header-id-meta":"","stick-header-meta":"","header-above-stick-meta":"","header-main-stick-meta":"","header-below-stick-meta":"","astra-migrate-meta-layouts":"set","ast-page-background-enabled":"default","ast-page-background-meta":{"desktop":{"background-color":"var(--ast-global-color-4)","background-image":"","background-repeat":"repeat","background-position":"center center","background-size":"auto","background-attachment":"scroll","background-type":"","background-media":"","overlay-type":"","overlay-color":"","overlay-opacity":"","overlay-gradient":""},"tablet":{"background-color":"","background-image":"","background-repeat":"repeat","background-position":"center center","background-size":"auto","background-attachment":"scroll","background-type":"","background-media":"","overlay-type":"","overlay-color":"","overlay-opacity":"","overlay-gradient":""},"mobile":{"background-color":"","background-image":"","background-repeat":"repeat","background-position":"center center","background-size":"auto","background-attachment":"scroll","background-type":"","background-media":"","overlay-type":"","overlay-color":"","overlay-opacity":"","overlay-gradient":""}},"ast-content-background-meta":{"desktop":{"background-color":"var(--ast-global-color-5)","background-image":"","background-repeat":"repeat","background-position":"center center","background-size":"auto","background-attachment":"scroll","background-type":"","background-media":"","overlay-type":"","overlay-color":"","overlay-opacity":"","overlay-gradient":""},"tablet":{"background-color":"var(--ast-global-color-5)","background-image":"","background-repeat":"repeat","background-position":"center center","background-size":"auto","background-attachment":"scroll","background-type":"","background-media":"","overlay-type":"","overlay-color":"","overlay-opacity":"","overlay-gradient":""},"mobile":{"background-color":"var(--ast-global-color-5)","background-image":"","background-repeat":"repeat","background-position":"center center","background-size":"auto","background-attachment":"scroll","background-type":"","background-media":"","overlay-type":"","overlay-color":"","overlay-opacity":"","overlay-gradient":""}},"footnotes":""},"class_list":["post-1711","page","type-page","status-publish","hentry"],"jetpack_sharing_enabled":true,"_links":{"self":[{"href":"https:\/\/amati.org.gt\/en\/wp-json\/wp\/v2\/pages\/1711","targetHints":{"allow":["GET"]}}],"collection":[{"href":"https:\/\/amati.org.gt\/en\/wp-json\/wp\/v2\/pages"}],"about":[{"href":"https:\/\/amati.org.gt\/en\/wp-json\/wp\/v2\/types\/page"}],"author":[{"embeddable":true,"href":"https:\/\/amati.org.gt\/en\/wp-json\/wp\/v2\/users\/1"}],"replies":[{"embeddable":true,"href":"https:\/\/amati.org.gt\/en\/wp-json\/wp\/v2\/comments?post=1711"}],"version-history":[{"count":38,"href":"https:\/\/amati.org.gt\/en\/wp-json\/wp\/v2\/pages\/1711\/revisions"}],"predecessor-version":[{"id":2579,"href":"https:\/\/amati.org.gt\/en\/wp-json\/wp\/v2\/pages\/1711\/revisions\/2579"}],"wp:attachment":[{"href":"https:\/\/amati.org.gt\/en\/wp-json\/wp\/v2\/media?parent=1711"}],"curies":[{"name":"wp","href":"https:\/\/api.w.org\/{rel}","templated":true}]}}