{"id":1839,"date":"2023-11-30T04:24:04","date_gmt":"2023-11-30T04:24:04","guid":{"rendered":"https:\/\/amati.org.gt\/?page_id=1839"},"modified":"2024-05-26T12:09:40","modified_gmt":"2024-05-26T18:09:40","slug":"despertar","status":"publish","type":"page","link":"https:\/\/amati.org.gt\/en\/despertar\/","title":{"rendered":"Awekening"},"content":{"rendered":"<div data-elementor-type=\"wp-page\" data-elementor-id=\"1839\" class=\"elementor elementor-1839\">\n\t\t\t\t<div class=\"elementor-element elementor-element-7fd3f17 e-flex e-con-boxed e-con e-parent\" data-id=\"7fd3f17\" data-element_type=\"container\" data-e-type=\"container\">\n\t\t\t\t\t<div class=\"e-con-inner\">\n\t\t\t\t<div class=\"elementor-element elementor-element-3faccdb elementor-widget elementor-widget-spacer\" data-id=\"3faccdb\" data-element_type=\"widget\" data-e-type=\"widget\" data-widget_type=\"spacer.default\">\n\t\t\t\t<div class=\"elementor-widget-container\">\n\t\t\t\t\t\t\t<div class=\"elementor-spacer\">\n\t\t\t<div class=\"elementor-spacer-inner\"><\/div>\n\t\t<\/div>\n\t\t\t\t\t\t<\/div>\n\t\t\t\t<\/div>\n\t\t\t\t<div class=\"elementor-element elementor-element-e2eb8a7 elementor-widget elementor-widget-image\" data-id=\"e2eb8a7\" data-element_type=\"widget\" data-e-type=\"widget\" data-widget_type=\"image.default\">\n\t\t\t\t<div class=\"elementor-widget-container\">\n\t\t\t\t\t\t\t\t\t\t\t\t\t\t\t<img fetchpriority=\"high\" decoding=\"async\" width=\"1024\" height=\"576\" src=\"https:\/\/amati.org.gt\/wp-content\/uploads\/2023\/11\/0043-1024x576.webp\" class=\"attachment-large size-large wp-image-1966\" alt=\"\" srcset=\"https:\/\/amati.org.gt\/wp-content\/uploads\/2023\/11\/0043-1024x576.webp 1024w, https:\/\/amati.org.gt\/wp-content\/uploads\/2023\/11\/0043-300x169.webp 300w, https:\/\/amati.org.gt\/wp-content\/uploads\/2023\/11\/0043-768x432.webp 768w, https:\/\/amati.org.gt\/wp-content\/uploads\/2023\/11\/0043-1536x864.webp 1536w, https:\/\/amati.org.gt\/wp-content\/uploads\/2023\/11\/0043.webp 1600w\" sizes=\"(max-width: 1024px) 100vw, 1024px\" \/>\t\t\t\t\t\t\t\t\t\t\t\t\t\t\t<\/div>\n\t\t\t\t<\/div>\n\t\t\t\t<div class=\"elementor-element elementor-element-105f8ac elementor-widget elementor-widget-heading\" data-id=\"105f8ac\" data-element_type=\"widget\" data-e-type=\"widget\" data-widget_type=\"heading.default\">\n\t\t\t\t<div class=\"elementor-widget-container\">\n\t\t\t\t\t<h2 class=\"elementor-heading-title elementor-size-default\">Quiero ayudar en el rescate del lago, \u00a1pero no s\u00e9 c\u00f3mo!<\/h2>\t\t\t\t<\/div>\n\t\t\t\t<\/div>\n\t\t\t\t<div class=\"elementor-element elementor-element-ae3d71e elementor-widget elementor-widget-text-editor\" data-id=\"ae3d71e\" data-element_type=\"widget\" data-e-type=\"widget\" data-widget_type=\"text-editor.default\">\n\t\t\t\t<div class=\"elementor-widget-container\">\n\t\t\t\t\t\t\t\t\t<p>La mejor forma de ayudar al lago es tenerlo en la mente c\u00f3mo un destino tur\u00edstico y visitarlo&#8230; darse cuenta que no est\u00e1 muerto, que no es un pantano y que es rescatable. Hay infinidad de cosas que hacer: restaurantes, balnearios, hoteles, casas en alquiler. <span style=\"font-style: inherit; font-weight: inherit; text-align: var(--text-align); background-color: var(--ast-global-color-1);\">Tambi\u00e9n puedes ayudarnos compartiendo nuestras redes sociales y haciendo llegar nuestro mensaje a m\u00e1s personas.\u00a0<\/span><\/p><p>\u00a0<\/p>\t\t\t\t\t\t\t\t<\/div>\n\t\t\t\t<\/div>\n\t\t\t\t\t<\/div>\n\t\t\t\t<\/div>\n\t\t<div class=\"elementor-element elementor-element-ee62d9a e-flex e-con-boxed e-con e-parent\" data-id=\"ee62d9a\" data-element_type=\"container\" data-e-type=\"container\">\n\t\t\t\t\t<div class=\"e-con-inner\">\n\t\t<div class=\"elementor-element elementor-element-9056fc1 e-con-full e-flex e-con e-child\" data-id=\"9056fc1\" data-element_type=\"container\" data-e-type=\"container\">\n\t\t\t\t<div class=\"elementor-element elementor-element-0979442 elementor-widget elementor-widget-image\" data-id=\"0979442\" data-element_type=\"widget\" data-e-type=\"widget\" data-widget_type=\"image.default\">\n\t\t\t\t<div class=\"elementor-widget-container\">\n\t\t\t\t\t\t\t\t\t\t\t\t\t\t\t<img decoding=\"async\" width=\"362\" height=\"174\" src=\"https:\/\/amati.org.gt\/wp-content\/uploads\/2023\/11\/OIP.jpeg\" class=\"attachment-large size-large wp-image-1968\" alt=\"\" srcset=\"https:\/\/amati.org.gt\/wp-content\/uploads\/2023\/11\/OIP.jpeg 362w, https:\/\/amati.org.gt\/wp-content\/uploads\/2023\/11\/OIP-300x144.jpeg 300w\" sizes=\"(max-width: 362px) 100vw, 362px\" \/>\t\t\t\t\t\t\t\t\t\t\t\t\t\t\t<\/div>\n\t\t\t\t<\/div>\n\t\t\t\t<div class=\"elementor-element elementor-element-7a0179c elementor-widget elementor-widget-text-editor\" data-id=\"7a0179c\" data-element_type=\"widget\" data-e-type=\"widget\" data-widget_type=\"text-editor.default\">\n\t\t\t\t<div class=\"elementor-widget-container\">\n\t\t\t\t\t\t\t\t\t<p>Es primordial que te hagas responsable de tu &#8220;huella&#8221;. Si quieres aprender a clasificar para reciclar, te recomendamos seguir a &#8220;<a href=\"https:\/\/www.instagram.com\/haciendoeco_gt\/\" target=\"_blank\" rel=\"noopener\">Haciendo Eco<\/a>&#8221; e inscribirte en el EcoReto21.<\/p>\t\t\t\t\t\t\t\t<\/div>\n\t\t\t\t<\/div>\n\t\t\t\t<\/div>\n\t\t<div class=\"elementor-element elementor-element-c199850 e-con-full e-flex e-con e-child\" data-id=\"c199850\" data-element_type=\"container\" data-e-type=\"container\">\n\t\t\t\t<div class=\"elementor-element elementor-element-7aa23cc elementor-widget elementor-widget-image\" data-id=\"7aa23cc\" data-element_type=\"widget\" data-e-type=\"widget\" data-widget_type=\"image.default\">\n\t\t\t\t<div class=\"elementor-widget-container\">\n\t\t\t\t\t\t\t\t\t\t\t\t\t\t\t<img decoding=\"async\" width=\"320\" height=\"240\" src=\"https:\/\/amati.org.gt\/wp-content\/uploads\/2023\/11\/Edificio.jpeg\" class=\"attachment-large size-large wp-image-1969\" alt=\"\" srcset=\"https:\/\/amati.org.gt\/wp-content\/uploads\/2023\/11\/Edificio.jpeg 320w, https:\/\/amati.org.gt\/wp-content\/uploads\/2023\/11\/Edificio-300x225.jpeg 300w\" sizes=\"(max-width: 320px) 100vw, 320px\" \/>\t\t\t\t\t\t\t\t\t\t\t\t\t\t\t<\/div>\n\t\t\t\t<\/div>\n\t\t\t\t<div class=\"elementor-element elementor-element-aeeedc2 elementor-widget elementor-widget-text-editor\" data-id=\"aeeedc2\" data-element_type=\"widget\" data-e-type=\"widget\" data-widget_type=\"text-editor.default\">\n\t\t\t\t<div class=\"elementor-widget-container\">\n\t\t\t\t\t\t\t\t\t<p>Si vives en un edificio o condominio, puedes asegurarte que la planta de tratamiento de aguas residuales est\u00e9 funcionando correctamente y cumpla con los est\u00e1ndares aplicables.<\/p>\t\t\t\t\t\t\t\t<\/div>\n\t\t\t\t<\/div>\n\t\t\t\t<\/div>\n\t\t<div class=\"elementor-element elementor-element-e46690b e-con-full e-flex e-con e-child\" data-id=\"e46690b\" data-element_type=\"container\" data-e-type=\"container\">\n\t\t\t\t<div class=\"elementor-element elementor-element-af6d17e elementor-widget elementor-widget-image\" data-id=\"af6d17e\" data-element_type=\"widget\" data-e-type=\"widget\" data-widget_type=\"image.default\">\n\t\t\t\t<div class=\"elementor-widget-container\">\n\t\t\t\t\t\t\t\t\t\t\t\t\t\t\t<img loading=\"lazy\" decoding=\"async\" width=\"320\" height=\"240\" src=\"https:\/\/amati.org.gt\/wp-content\/uploads\/2023\/11\/Construccion.jpeg\" class=\"attachment-large size-large wp-image-1970\" alt=\"\" srcset=\"https:\/\/amati.org.gt\/wp-content\/uploads\/2023\/11\/Construccion.jpeg 320w, https:\/\/amati.org.gt\/wp-content\/uploads\/2023\/11\/Construccion-300x225.jpeg 300w\" sizes=\"(max-width: 320px) 100vw, 320px\" \/>\t\t\t\t\t\t\t\t\t\t\t\t\t\t\t<\/div>\n\t\t\t\t<\/div>\n\t\t\t\t<div class=\"elementor-element elementor-element-2888e6c elementor-widget elementor-widget-text-editor\" data-id=\"2888e6c\" data-element_type=\"widget\" data-e-type=\"widget\" data-widget_type=\"text-editor.default\">\n\t\t\t\t<div class=\"elementor-widget-container\">\n\t\t\t\t\t\t\t\t\t<p>Si vas a construir, contempla la posibilidad de instalar una planta de tratamiento, o al menos una fosa s\u00e9ptica. El agua que viertas sin tratar al drenaje municipal, llegar\u00e1 sin tratamiento al lago.<\/p>\t\t\t\t\t\t\t\t<\/div>\n\t\t\t\t<\/div>\n\t\t\t\t<\/div>\n\t\t<div class=\"elementor-element elementor-element-f836d4b e-con-full e-flex e-con e-child\" data-id=\"f836d4b\" data-element_type=\"container\" data-e-type=\"container\">\n\t\t\t\t<div class=\"elementor-element elementor-element-5eef3ea elementor-widget elementor-widget-image\" data-id=\"5eef3ea\" data-element_type=\"widget\" data-e-type=\"widget\" data-widget_type=\"image.default\">\n\t\t\t\t<div class=\"elementor-widget-container\">\n\t\t\t\t\t\t\t\t\t\t\t\t\t\t\t<img loading=\"lazy\" decoding=\"async\" width=\"300\" height=\"223\" src=\"https:\/\/amati.org.gt\/wp-content\/uploads\/2023\/11\/PlantaTratamiento.jpeg\" class=\"attachment-large size-large wp-image-1971\" alt=\"\" \/>\t\t\t\t\t\t\t\t\t\t\t\t\t\t\t<\/div>\n\t\t\t\t<\/div>\n\t\t\t\t<div class=\"elementor-element elementor-element-816c044 elementor-widget elementor-widget-text-editor\" data-id=\"816c044\" data-element_type=\"widget\" data-e-type=\"widget\" data-widget_type=\"text-editor.default\">\n\t\t\t\t<div class=\"elementor-widget-container\">\n\t\t\t\t\t\t\t\t\t<p>Debes exigirle a las autoridades municipales y del gobierno central, que dejen de posponer la entrada en vigor del <a href=\"https:\/\/www.deguate.com\/artman\/publish\/politica_articulos\/acuerdo-gubernativo-236-2006-de-disposicion-de-aguas-residuales.shtml#:~:text=Acuerdo%20Gubernativo%20236-2006%20de%20disposici%C3%B3n%20de%20aguas%20residuales,de%20proteger%20a%20los%20receptores%20de%20aguas%20residuales\" target=\"_blank\" rel=\"noopener\">Acuerdo Gubernativo 236-2006<\/a>, que&nbsp;empiecen a construir y operar plantas de tratamiento de aguas servidas.<\/p>\t\t\t\t\t\t\t\t<\/div>\n\t\t\t\t<\/div>\n\t\t\t\t<\/div>\n\t\t\t\t\t<\/div>\n\t\t\t\t<\/div>\n\t\t<div class=\"elementor-element elementor-element-49f71e7 e-flex e-con-boxed e-con e-parent\" data-id=\"49f71e7\" data-element_type=\"container\" data-e-type=\"container\">\n\t\t\t\t\t<div class=\"e-con-inner\">\n\t\t\t\t<div class=\"elementor-element elementor-element-ecf4c31 elementor-widget elementor-widget-text-editor\" data-id=\"ecf4c31\" data-element_type=\"widget\" data-e-type=\"widget\" data-widget_type=\"text-editor.default\">\n\t\t\t\t<div class=\"elementor-widget-container\">\n\t\t\t\t\t\t\t\t\t<p>Puedes enviarnos tus datos a trav\u00e9s de la p\u00e1gina de <a href=\"https:\/\/amati.org.gt\/en\/contacto\/\">&#8220;Contacto&#8221;<\/a>, para que te avisemos de las actividades que llevemos a cabo. Si quieres ser parte de la Asociaci\u00f3n AM-Amati ONG de incidencia, medio ambiente y fortalecimiento institucional y apoyarnos econ\u00f3micamente, haz click en el siguiente link.<\/p><p>\u00a0<\/p>\t\t\t\t\t\t\t\t<\/div>\n\t\t\t\t<\/div>\n\t\t\t\t<div class=\"elementor-element elementor-element-da95820 elementor-align-center elementor-widget elementor-widget-button\" data-id=\"da95820\" data-element_type=\"widget\" data-e-type=\"widget\" data-widget_type=\"button.default\">\n\t\t\t\t<div class=\"elementor-widget-container\">\n\t\t\t\t\t\t\t\t\t<div class=\"elementor-button-wrapper\">\n\t\t\t\t\t<a class=\"elementor-button elementor-button-link elementor-size-sm\" href=\"https:\/\/amati.org.gt\/en\/asociarse\/\">\n\t\t\t\t\t\t<span class=\"elementor-button-content-wrapper\">\n\t\t\t\t\t\t\t\t\t<span class=\"elementor-button-text\">QUIERO SER PARTE DE AM-AMATI<\/span>\n\t\t\t\t\t<\/span>\n\t\t\t\t\t<\/a>\n\t\t\t\t<\/div>\n\t\t\t\t\t\t\t\t<\/div>\n\t\t\t\t<\/div>\n\t\t\t\t\t<\/div>\n\t\t\t\t<\/div>\n\t\t\t\t<\/div>","protected":false},"excerpt":{"rendered":"<p>Quiero ayudar en el rescate del lago, \u00a1pero no s\u00e9 c\u00f3mo! La mejor forma de ayudar al lago es tenerlo en la mente c\u00f3mo un destino tur\u00edstico y visitarlo&#8230; darse cuenta que no est\u00e1 muerto, que no es un pantano y que es rescatable. Hay infinidad de cosas que hacer: restaurantes, balnearios, hoteles, casas en [&hellip;]<\/p>\n","protected":false},"author":1,"featured_media":0,"parent":0,"menu_order":0,"comment_status":"closed","ping_status":"closed","template":"","meta":{"site-sidebar-layout":"no-sidebar","site-content-layout":"page-builder","ast-site-content-layout":"full-width-container","site-content-style":"default","site-sidebar-style":"default","ast-global-header-display":"","ast-banner-title-visibility":"","ast-main-header-display":"","ast-hfb-above-header-display":"","ast-hfb-below-header-display":"","ast-hfb-mobile-header-display":"","site-post-title":"disabled","ast-breadcrumbs-content":"","ast-featured-img":"disabled","footer-sml-layout":"","ast-disable-related-posts":"","theme-transparent-header-meta":"","adv-header-id-meta":"","stick-header-meta":"","header-above-stick-meta":"","header-main-stick-meta":"","header-below-stick-meta":"","astra-migrate-meta-layouts":"set","ast-page-background-enabled":"default","ast-page-background-meta":{"desktop":{"background-color":"var(--ast-global-color-4)","background-image":"","background-repeat":"repeat","background-position":"center center","background-size":"auto","background-attachment":"scroll","background-type":"","background-media":"","overlay-type":"","overlay-color":"","overlay-opacity":"","overlay-gradient":""},"tablet":{"background-color":"","background-image":"","background-repeat":"repeat","background-position":"center center","background-size":"auto","background-attachment":"scroll","background-type":"","background-media":"","overlay-type":"","overlay-color":"","overlay-opacity":"","overlay-gradient":""},"mobile":{"background-color":"","background-image":"","background-repeat":"repeat","background-position":"center center","background-size":"auto","background-attachment":"scroll","background-type":"","background-media":"","overlay-type":"","overlay-color":"","overlay-opacity":"","overlay-gradient":""}},"ast-content-background-meta":{"desktop":{"background-color":"var(--ast-global-color-5)","background-image":"","background-repeat":"repeat","background-position":"center center","background-size":"auto","background-attachment":"scroll","background-type":"","background-media":"","overlay-type":"","overlay-color":"","overlay-opacity":"","overlay-gradient":""},"tablet":{"background-color":"var(--ast-global-color-5)","background-image":"","background-repeat":"repeat","background-position":"center center","background-size":"auto","background-attachment":"scroll","background-type":"","background-media":"","overlay-type":"","overlay-color":"","overlay-opacity":"","overlay-gradient":""},"mobile":{"background-color":"var(--ast-global-color-5)","background-image":"","background-repeat":"repeat","background-position":"center center","background-size":"auto","background-attachment":"scroll","background-type":"","background-media":"","overlay-type":"","overlay-color":"","overlay-opacity":"","overlay-gradient":""}},"footnotes":""},"class_list":["post-1839","page","type-page","status-publish","hentry"],"jetpack_sharing_enabled":true,"_links":{"self":[{"href":"https:\/\/amati.org.gt\/en\/wp-json\/wp\/v2\/pages\/1839","targetHints":{"allow":["GET"]}}],"collection":[{"href":"https:\/\/amati.org.gt\/en\/wp-json\/wp\/v2\/pages"}],"about":[{"href":"https:\/\/amati.org.gt\/en\/wp-json\/wp\/v2\/types\/page"}],"author":[{"embeddable":true,"href":"https:\/\/amati.org.gt\/en\/wp-json\/wp\/v2\/users\/1"}],"replies":[{"embeddable":true,"href":"https:\/\/amati.org.gt\/en\/wp-json\/wp\/v2\/comments?post=1839"}],"version-history":[{"count":77,"href":"https:\/\/amati.org.gt\/en\/wp-json\/wp\/v2\/pages\/1839\/revisions"}],"predecessor-version":[{"id":2576,"href":"https:\/\/amati.org.gt\/en\/wp-json\/wp\/v2\/pages\/1839\/revisions\/2576"}],"wp:attachment":[{"href":"https:\/\/amati.org.gt\/en\/wp-json\/wp\/v2\/media?parent=1839"}],"curies":[{"name":"wp","href":"https:\/\/api.w.org\/{rel}","templated":true}]}}