{"id":2207,"date":"2024-04-07T14:09:33","date_gmt":"2024-04-07T20:09:33","guid":{"rendered":"https:\/\/amati.org.gt\/?page_id=2207"},"modified":"2024-05-26T12:27:00","modified_gmt":"2024-05-26T18:27:00","slug":"futuros","status":"publish","type":"page","link":"https:\/\/amati.org.gt\/en\/futuros\/","title":{"rendered":"Future"},"content":{"rendered":"<div data-elementor-type=\"wp-page\" data-elementor-id=\"2207\" class=\"elementor elementor-2207\">\n\t\t\t\t<div class=\"elementor-element elementor-element-489c09e e-flex e-con-boxed e-con e-parent\" data-id=\"489c09e\" data-element_type=\"container\" data-e-type=\"container\">\n\t\t\t\t\t<div class=\"e-con-inner\">\n\t\t\t\t<div class=\"elementor-element elementor-element-7119750 elementor-widget elementor-widget-image\" data-id=\"7119750\" data-element_type=\"widget\" data-e-type=\"widget\" data-widget_type=\"image.default\">\n\t\t\t\t<div class=\"elementor-widget-container\">\n\t\t\t\t\t\t\t\t\t\t\t\t\t\t\t<img fetchpriority=\"high\" decoding=\"async\" width=\"1024\" height=\"576\" src=\"https:\/\/amati.org.gt\/wp-content\/uploads\/2024\/04\/0001-1024x576.webp\" class=\"attachment-large size-large wp-image-2222\" alt=\"\" srcset=\"https:\/\/amati.org.gt\/wp-content\/uploads\/2024\/04\/0001-1024x576.webp 1024w, https:\/\/amati.org.gt\/wp-content\/uploads\/2024\/04\/0001-300x169.webp 300w, https:\/\/amati.org.gt\/wp-content\/uploads\/2024\/04\/0001-768x432.webp 768w, https:\/\/amati.org.gt\/wp-content\/uploads\/2024\/04\/0001-1536x864.webp 1536w, https:\/\/amati.org.gt\/wp-content\/uploads\/2024\/04\/0001-18x10.webp 18w, https:\/\/amati.org.gt\/wp-content\/uploads\/2024\/04\/0001.webp 1920w\" sizes=\"(max-width: 1024px) 100vw, 1024px\" \/>\t\t\t\t\t\t\t\t\t\t\t\t\t\t\t<\/div>\n\t\t\t\t<\/div>\n\t\t\t\t<div class=\"elementor-element elementor-element-10311a5 elementor-widget elementor-widget-heading\" data-id=\"10311a5\" data-element_type=\"widget\" data-e-type=\"widget\" data-widget_type=\"heading.default\">\n\t\t\t\t<div class=\"elementor-widget-container\">\n\t\t\t\t\t<h2 class=\"elementor-heading-title elementor-size-default\">\"Nadie cuida lo que no quiere, nadie quiere lo que no conoce.\"<\/h2>\t\t\t\t<\/div>\n\t\t\t\t<\/div>\n\t\t\t\t<div class=\"elementor-element elementor-element-47df162 elementor-widget elementor-widget-text-editor\" data-id=\"47df162\" data-element_type=\"widget\" data-e-type=\"widget\" data-widget_type=\"text-editor.default\">\n\t\t\t\t<div class=\"elementor-widget-container\">\n\t\t\t\t\t\t\t\t\t<p>Reconocemos que salvar el lago requiere de la construcci\u00f3n y operaci\u00f3n de plantas de tratamiento de aguas residuales por parte de las 14 municipalidades que est\u00e1n en la cuenca y eso escapa de nuestras posibilidades. Nuestra funci\u00f3n en ese sentido se enfoca en la creaci\u00f3n de puentes entre el sector p\u00fablico y empresas privadas expertas en el tema, c\u00f3mo\u00a0<a href=\"https:\/\/www.dutchcleantech.nl\/\" target=\"_blank\" rel=\"noopener\">Dutch Clean Tech<\/a>.\u00a0<\/p><p>\u00a0<\/p><p>A futuro, el tratamiento de las aguas residuales se hace necesario debido a la escasez de agua que sufre la ciudad de Guatemala y los municipios vecinos, siendo el Lago de Amatitl\u00e1n un reservorio natural a escasa distancia del centro urbano. Obviamente, antes de ser usado para agua potable, debe dejar de contaminarse.<\/p><p>\u00a0<\/p>\t\t\t\t\t\t\t\t<\/div>\n\t\t\t\t<\/div>\n\t\t\t\t<div class=\"elementor-element elementor-element-defa947 elementor-widget-divider--view-line elementor-widget elementor-widget-divider\" data-id=\"defa947\" data-element_type=\"widget\" data-e-type=\"widget\" data-widget_type=\"divider.default\">\n\t\t\t\t<div class=\"elementor-widget-container\">\n\t\t\t\t\t\t\t<div class=\"elementor-divider\">\n\t\t\t<span class=\"elementor-divider-separator\">\n\t\t\t\t\t\t<\/span>\n\t\t<\/div>\n\t\t\t\t\t\t<\/div>\n\t\t\t\t<\/div>\n\t\t\t\t<div class=\"elementor-element elementor-element-657fcb6 elementor-widget elementor-widget-text-editor\" data-id=\"657fcb6\" data-element_type=\"widget\" data-e-type=\"widget\" data-widget_type=\"text-editor.default\">\n\t\t\t\t<div class=\"elementor-widget-container\">\n\t\t\t\t\t\t\t\t\t<p style=\"font-size: 17px; font-style: normal; font-weight: 400; color: #242442;\">Creemos firmemente que el turismo ser\u00e1 una herramienta poderosa de transformaci\u00f3n, debemos convencer al habitante de la metr\u00f3poli, que el lago no es un pantano muerto, que est\u00e1 sumamente vivo y que salvarlo es posible. Deseamos transformar al turista en un portavoz de nuestro mensaje de esperanza y convertirlo en aliado de nuestra causa.<\/p><p style=\"font-size: 17px; font-style: normal; font-weight: 400; color: #242442;\">\u00a0<\/p><p style=\"font-size: 17px; font-style: normal; font-weight: 400; color: #242442;\">\u00a0<\/p><p style=\"font-size: 17px; font-style: normal; font-weight: 400; color: #242442;\">En aras de atraer de nuevo el turismo al lago, logramos convencer al INGUAT de tomarlo en cuenta entre sus destinos tur\u00edsticos, prueba de su inclusi\u00f3n, es que invirtieron en los planos de remodelaci\u00f3n de la\u00a0<a href=\"https:\/\/maps.app.goo.gl\/E5yGFeEjjRWUAGAb9\" target=\"_blank\" rel=\"noopener\">Playa P\u00fablica Orantes<\/a>\u00a0en Villa Canales, la \u00fanica de la mitad suroriental del lago.<\/p>\t\t\t\t\t\t\t\t<\/div>\n\t\t\t\t<\/div>\n\t\t\t\t<div class=\"elementor-element elementor-element-f2c5cd9 elementor-widget elementor-widget-image\" data-id=\"f2c5cd9\" data-element_type=\"widget\" data-e-type=\"widget\" data-widget_type=\"image.default\">\n\t\t\t\t<div class=\"elementor-widget-container\">\n\t\t\t\t\t\t\t\t\t\t\t\t\t\t\t<img decoding=\"async\" width=\"1024\" height=\"729\" src=\"https:\/\/amati.org.gt\/wp-content\/uploads\/2024\/04\/Screenshot-2024-04-07-at-11.48.45\u202fAM-1024x729.webp\" class=\"attachment-large size-large wp-image-2216\" alt=\"\" srcset=\"https:\/\/amati.org.gt\/wp-content\/uploads\/2024\/04\/Screenshot-2024-04-07-at-11.48.45\u202fAM-1024x729.webp 1024w, https:\/\/amati.org.gt\/wp-content\/uploads\/2024\/04\/Screenshot-2024-04-07-at-11.48.45\u202fAM-300x214.webp 300w, https:\/\/amati.org.gt\/wp-content\/uploads\/2024\/04\/Screenshot-2024-04-07-at-11.48.45\u202fAM-768x547.webp 768w, https:\/\/amati.org.gt\/wp-content\/uploads\/2024\/04\/Screenshot-2024-04-07-at-11.48.45\u202fAM-1536x1094.webp 1536w, https:\/\/amati.org.gt\/wp-content\/uploads\/2024\/04\/Screenshot-2024-04-07-at-11.48.45\u202fAM-18x12.webp 18w, https:\/\/amati.org.gt\/wp-content\/uploads\/2024\/04\/Screenshot-2024-04-07-at-11.48.45\u202fAM.webp 1623w\" sizes=\"(max-width: 1024px) 100vw, 1024px\" \/>\t\t\t\t\t\t\t\t\t\t\t\t\t\t\t<\/div>\n\t\t\t\t<\/div>\n\t\t\t\t<div class=\"elementor-element elementor-element-3ee5856 elementor-widget-divider--view-line elementor-widget elementor-widget-divider\" data-id=\"3ee5856\" data-element_type=\"widget\" data-e-type=\"widget\" data-widget_type=\"divider.default\">\n\t\t\t\t<div class=\"elementor-widget-container\">\n\t\t\t\t\t\t\t<div class=\"elementor-divider\">\n\t\t\t<span class=\"elementor-divider-separator\">\n\t\t\t\t\t\t<\/span>\n\t\t<\/div>\n\t\t\t\t\t\t<\/div>\n\t\t\t\t<\/div>\n\t\t\t\t<div class=\"elementor-element elementor-element-d8cda1d elementor-widget elementor-widget-text-editor\" data-id=\"d8cda1d\" data-element_type=\"widget\" data-e-type=\"widget\" data-widget_type=\"text-editor.default\">\n\t\t\t\t<div class=\"elementor-widget-container\">\n\t\t\t\t\t\t\t\t\t<p><span style=\"color: #242442;\">A ninguna persona le atrae un lugar sucio y mal mantenido, as\u00ed que nuestro primer proyecto ser\u00e1 el de mantener limpia la Carretera de Circunvalaci\u00f3n al Lago de Amatitl\u00e1n, empezando en el\u00a0<\/span><a style=\"background-color: #f2e8e0;\" href=\"https:\/\/maps.app.goo.gl\/EcYasnk5MzBjww8i8\" target=\"_blank\" rel=\"noopener\">cruce a Santa Elena Barillas<\/a><span style=\"color: #242442;\">\u00a0(RD-GUA 27) y la salida de Villa Canales (RD-GUA 1), hasta la entrada de Amatitl\u00e1n. El proyecto est\u00e1 inspirado en la &#8220;Ruta del Orgullo&#8221; de FundAntigua, qui\u00e9nes colaboraron con informaci\u00f3n importante para su elaboraci\u00f3n.<\/span><\/p><p><span style=\"color: #242442;\">\u00a0<\/span><\/p><p><span style=\"color: #242442;\">Ay\u00fadanos a darle nombre a la ruta completando el siguiente cuestionario:\u00a0<\/span><\/p>\t\t\t\t\t\t\t\t<\/div>\n\t\t\t\t<\/div>\n\t\t\t\t<div class=\"elementor-element elementor-element-3f23092 elementor-align-center elementor-widget elementor-widget-button\" data-id=\"3f23092\" data-element_type=\"widget\" data-e-type=\"widget\" data-widget_type=\"button.default\">\n\t\t\t\t<div class=\"elementor-widget-container\">\n\t\t\t\t\t\t\t\t\t<div class=\"elementor-button-wrapper\">\n\t\t\t\t\t<a class=\"elementor-button elementor-button-link elementor-size-sm\" href=\"https:\/\/forms.office.com\/r\/gfEgMPWEGk\" target=\"_blank\">\n\t\t\t\t\t\t<span class=\"elementor-button-content-wrapper\">\n\t\t\t\t\t\t\t\t\t<span class=\"elementor-button-text\">Ponle nombre a la ruta<\/span>\n\t\t\t\t\t<\/span>\n\t\t\t\t\t<\/a>\n\t\t\t\t<\/div>\n\t\t\t\t\t\t\t\t<\/div>\n\t\t\t\t<\/div>\n\t\t\t\t<div class=\"elementor-element elementor-element-86f9a9b elementor-widget elementor-widget-image\" data-id=\"86f9a9b\" data-element_type=\"widget\" data-e-type=\"widget\" data-widget_type=\"image.default\">\n\t\t\t\t<div class=\"elementor-widget-container\">\n\t\t\t\t\t\t\t\t\t\t\t\t\t\t\t<img decoding=\"async\" width=\"1024\" height=\"682\" src=\"https:\/\/amati.org.gt\/wp-content\/uploads\/2024\/04\/Limpieza-Isla-32-1-1024x682.webp\" class=\"attachment-large size-large wp-image-2226\" alt=\"\" srcset=\"https:\/\/amati.org.gt\/wp-content\/uploads\/2024\/04\/Limpieza-Isla-32-1-1024x682.webp 1024w, https:\/\/amati.org.gt\/wp-content\/uploads\/2024\/04\/Limpieza-Isla-32-1-300x200.webp 300w, https:\/\/amati.org.gt\/wp-content\/uploads\/2024\/04\/Limpieza-Isla-32-1-768x512.webp 768w, https:\/\/amati.org.gt\/wp-content\/uploads\/2024\/04\/Limpieza-Isla-32-1-1536x1024.webp 1536w, https:\/\/amati.org.gt\/wp-content\/uploads\/2024\/04\/Limpieza-Isla-32-1-18x12.webp 18w, https:\/\/amati.org.gt\/wp-content\/uploads\/2024\/04\/Limpieza-Isla-32-1.webp 1772w\" sizes=\"(max-width: 1024px) 100vw, 1024px\" \/>\t\t\t\t\t\t\t\t\t\t\t\t\t\t\t<\/div>\n\t\t\t\t<\/div>\n\t\t\t\t<div class=\"elementor-element elementor-element-ca5b6a8 elementor-widget-divider--view-line elementor-widget elementor-widget-divider\" data-id=\"ca5b6a8\" data-element_type=\"widget\" data-e-type=\"widget\" data-widget_type=\"divider.default\">\n\t\t\t\t<div class=\"elementor-widget-container\">\n\t\t\t\t\t\t\t<div class=\"elementor-divider\">\n\t\t\t<span class=\"elementor-divider-separator\">\n\t\t\t\t\t\t<\/span>\n\t\t<\/div>\n\t\t\t\t\t\t<\/div>\n\t\t\t\t<\/div>\n\t\t\t\t<div class=\"elementor-element elementor-element-713c2cc elementor-widget elementor-widget-text-editor\" data-id=\"713c2cc\" data-element_type=\"widget\" data-e-type=\"widget\" data-widget_type=\"text-editor.default\">\n\t\t\t\t<div class=\"elementor-widget-container\">\n\t\t\t\t\t\t\t\t\t<p>Una de las caracter\u00edsticas que hacen poco agradable para su uso recreativo al lago, es la proliferaci\u00f3n de algas azul-verdosas (cianobacterias). \u00c9stas &#8220;florecen&#8221; cada verano por la alta cantidad de nutrientes disueltos en el agua, los altos \u00edndices de exposici\u00f3n solar y la temperatura. Para mitigar el florecimiento, vamos a instalar un piloto de humedales flotantes, con plantas nativas, para que compitan por nutrientes con las algas. Se est\u00e1 estudiando la utilizaci\u00f3n de ultrasonido para el control de la Microcystis Aeruginosa.<\/p>\t\t\t\t\t\t\t\t<\/div>\n\t\t\t\t<\/div>\n\t\t\t\t<div class=\"elementor-element elementor-element-0349935 elementor-widget elementor-widget-image\" data-id=\"0349935\" data-element_type=\"widget\" data-e-type=\"widget\" data-widget_type=\"image.default\">\n\t\t\t\t<div class=\"elementor-widget-container\">\n\t\t\t\t\t\t\t\t\t\t\t\t\t\t\t<img loading=\"lazy\" decoding=\"async\" width=\"1024\" height=\"576\" src=\"https:\/\/amati.org.gt\/wp-content\/uploads\/2024\/04\/0002-1024x576.webp\" class=\"attachment-large size-large wp-image-2227\" alt=\"\" srcset=\"https:\/\/amati.org.gt\/wp-content\/uploads\/2024\/04\/0002-1024x576.webp 1024w, https:\/\/amati.org.gt\/wp-content\/uploads\/2024\/04\/0002-300x169.webp 300w, https:\/\/amati.org.gt\/wp-content\/uploads\/2024\/04\/0002-768x432.webp 768w, https:\/\/amati.org.gt\/wp-content\/uploads\/2024\/04\/0002-1536x864.webp 1536w, https:\/\/amati.org.gt\/wp-content\/uploads\/2024\/04\/0002-18x10.webp 18w, https:\/\/amati.org.gt\/wp-content\/uploads\/2024\/04\/0002.webp 1920w\" sizes=\"(max-width: 1024px) 100vw, 1024px\" \/>\t\t\t\t\t\t\t\t\t\t\t\t\t\t\t<\/div>\n\t\t\t\t<\/div>\n\t\t\t\t<div class=\"elementor-element elementor-element-6010171 elementor-widget-divider--view-line elementor-widget elementor-widget-divider\" data-id=\"6010171\" data-element_type=\"widget\" data-e-type=\"widget\" data-widget_type=\"divider.default\">\n\t\t\t\t<div class=\"elementor-widget-container\">\n\t\t\t\t\t\t\t<div class=\"elementor-divider\">\n\t\t\t<span class=\"elementor-divider-separator\">\n\t\t\t\t\t\t<\/span>\n\t\t<\/div>\n\t\t\t\t\t\t<\/div>\n\t\t\t\t<\/div>\n\t\t\t\t\t<\/div>\n\t\t\t\t<\/div>\n\t\t<div class=\"elementor-element elementor-element-f9f9f86 e-flex e-con-boxed e-con e-parent\" data-id=\"f9f9f86\" data-element_type=\"container\" data-e-type=\"container\">\n\t\t\t\t\t<div class=\"e-con-inner\">\n\t\t<div class=\"elementor-element elementor-element-6ab434a e-con-full e-flex e-con e-child\" data-id=\"6ab434a\" data-element_type=\"container\" data-e-type=\"container\">\n\t\t\t\t<div class=\"elementor-element elementor-element-d382750 elementor-widget elementor-widget-spacer\" data-id=\"d382750\" data-element_type=\"widget\" data-e-type=\"widget\" data-widget_type=\"spacer.default\">\n\t\t\t\t<div class=\"elementor-widget-container\">\n\t\t\t\t\t\t\t<div class=\"elementor-spacer\">\n\t\t\t<div class=\"elementor-spacer-inner\"><\/div>\n\t\t<\/div>\n\t\t\t\t\t\t<\/div>\n\t\t\t\t<\/div>\n\t\t\t\t<div class=\"elementor-element elementor-element-a610945 elementor-widget elementor-widget-text-editor\" data-id=\"a610945\" data-element_type=\"widget\" data-e-type=\"widget\" data-widget_type=\"text-editor.default\">\n\t\t\t\t<div class=\"elementor-widget-container\">\n\t\t\t\t\t\t\t\t\t<p>Como parte del AmatiTeam, estamos colaborando en la creaci\u00f3n de una exposici\u00f3n permanente de tecnolog\u00edas \u00fatiles para el rescate del lago. Pronto compartiremos m\u00e1s informaci\u00f3n.<\/p>\t\t\t\t\t\t\t\t<\/div>\n\t\t\t\t<\/div>\n\t\t\t\t<\/div>\n\t\t<div class=\"elementor-element elementor-element-a2a76e6 e-con-full e-flex e-con e-child\" data-id=\"a2a76e6\" data-element_type=\"container\" data-e-type=\"container\">\n\t\t\t\t<div class=\"elementor-element elementor-element-480ea81 elementor-widget elementor-widget-image\" data-id=\"480ea81\" data-element_type=\"widget\" data-e-type=\"widget\" data-widget_type=\"image.default\">\n\t\t\t\t<div class=\"elementor-widget-container\">\n\t\t\t\t\t\t\t\t\t\t\t\t\t\t\t<img loading=\"lazy\" decoding=\"async\" width=\"1024\" height=\"864\" src=\"https:\/\/amati.org.gt\/wp-content\/uploads\/2023\/12\/Screenshot-2023-05-17-at-9.26.20-AM-1024x864.jpg\" class=\"attachment-large size-large wp-image-1998\" alt=\"\" srcset=\"https:\/\/amati.org.gt\/wp-content\/uploads\/2023\/12\/Screenshot-2023-05-17-at-9.26.20-AM-1024x864.jpg 1024w, https:\/\/amati.org.gt\/wp-content\/uploads\/2023\/12\/Screenshot-2023-05-17-at-9.26.20-AM-300x253.jpg 300w, https:\/\/amati.org.gt\/wp-content\/uploads\/2023\/12\/Screenshot-2023-05-17-at-9.26.20-AM-768x648.jpg 768w, https:\/\/amati.org.gt\/wp-content\/uploads\/2023\/12\/Screenshot-2023-05-17-at-9.26.20-AM-1536x1296.jpg 1536w, https:\/\/amati.org.gt\/wp-content\/uploads\/2023\/12\/Screenshot-2023-05-17-at-9.26.20-AM.jpg 1779w\" sizes=\"(max-width: 1024px) 100vw, 1024px\" \/>\t\t\t\t\t\t\t\t\t\t\t\t\t\t\t<\/div>\n\t\t\t\t<\/div>\n\t\t\t\t<\/div>\n\t\t\t\t\t<\/div>\n\t\t\t\t<\/div>\n\t\t<div class=\"elementor-element elementor-element-a99be9f e-flex e-con-boxed e-con e-parent\" data-id=\"a99be9f\" data-element_type=\"container\" data-e-type=\"container\">\n\t\t\t\t\t<div class=\"e-con-inner\">\n\t\t\t\t<div class=\"elementor-element elementor-element-78ac8de elementor-align-center elementor-widget elementor-widget-button\" data-id=\"78ac8de\" data-element_type=\"widget\" data-e-type=\"widget\" data-widget_type=\"button.default\">\n\t\t\t\t<div class=\"elementor-widget-container\">\n\t\t\t\t\t\t\t\t\t<div class=\"elementor-button-wrapper\">\n\t\t\t\t\t<a class=\"elementor-button elementor-button-link elementor-size-sm\" href=\"https:\/\/amati.org.gt\/en\/asociarse\/\">\n\t\t\t\t\t\t<span class=\"elementor-button-content-wrapper\">\n\t\t\t\t\t\t\t\t\t<span class=\"elementor-button-text\">Asociarse<\/span>\n\t\t\t\t\t<\/span>\n\t\t\t\t\t<\/a>\n\t\t\t\t<\/div>\n\t\t\t\t\t\t\t\t<\/div>\n\t\t\t\t<\/div>\n\t\t\t\t\t<\/div>\n\t\t\t\t<\/div>\n\t\t\t\t<\/div>","protected":false},"excerpt":{"rendered":"<p>&#8220;Nadie cuida lo que no quiere, nadie quiere lo que no conoce.&#8221; Reconocemos que salvar el lago requiere de la construcci\u00f3n y operaci\u00f3n de plantas de tratamiento de aguas residuales por parte de las 14 municipalidades que est\u00e1n en la cuenca y eso escapa de nuestras posibilidades. Nuestra funci\u00f3n en ese sentido se enfoca en [&hellip;]<\/p>\n","protected":false},"author":1,"featured_media":0,"parent":0,"menu_order":0,"comment_status":"closed","ping_status":"closed","template":"","meta":{"site-sidebar-layout":"no-sidebar","site-content-layout":"page-builder","ast-site-content-layout":"full-width-container","site-content-style":"default","site-sidebar-style":"default","ast-global-header-display":"","ast-banner-title-visibility":"","ast-main-header-display":"","ast-hfb-above-header-display":"","ast-hfb-below-header-display":"","ast-hfb-mobile-header-display":"","site-post-title":"disabled","ast-breadcrumbs-content":"","ast-featured-img":"disabled","footer-sml-layout":"","ast-disable-related-posts":"","theme-transparent-header-meta":"","adv-header-id-meta":"","stick-header-meta":"","header-above-stick-meta":"","header-main-stick-meta":"","header-below-stick-meta":"","astra-migrate-meta-layouts":"set","ast-page-background-enabled":"default","ast-page-background-meta":{"desktop":{"background-color":"var(--ast-global-color-4)","background-image":"","background-repeat":"repeat","background-position":"center center","background-size":"auto","background-attachment":"scroll","background-type":"","background-media":"","overlay-type":"","overlay-color":"","overlay-opacity":"","overlay-gradient":""},"tablet":{"background-color":"","background-image":"","background-repeat":"repeat","background-position":"center center","background-size":"auto","background-attachment":"scroll","background-type":"","background-media":"","overlay-type":"","overlay-color":"","overlay-opacity":"","overlay-gradient":""},"mobile":{"background-color":"","background-image":"","background-repeat":"repeat","background-position":"center center","background-size":"auto","background-attachment":"scroll","background-type":"","background-media":"","overlay-type":"","overlay-color":"","overlay-opacity":"","overlay-gradient":""}},"ast-content-background-meta":{"desktop":{"background-color":"var(--ast-global-color-5)","background-image":"","background-repeat":"repeat","background-position":"center center","background-size":"auto","background-attachment":"scroll","background-type":"","background-media":"","overlay-type":"","overlay-color":"","overlay-opacity":"","overlay-gradient":""},"tablet":{"background-color":"var(--ast-global-color-5)","background-image":"","background-repeat":"repeat","background-position":"center center","background-size":"auto","background-attachment":"scroll","background-type":"","background-media":"","overlay-type":"","overlay-color":"","overlay-opacity":"","overlay-gradient":""},"mobile":{"background-color":"var(--ast-global-color-5)","background-image":"","background-repeat":"repeat","background-position":"center center","background-size":"auto","background-attachment":"scroll","background-type":"","background-media":"","overlay-type":"","overlay-color":"","overlay-opacity":"","overlay-gradient":""}},"footnotes":""},"class_list":["post-2207","page","type-page","status-publish","hentry"],"jetpack_sharing_enabled":true,"_links":{"self":[{"href":"https:\/\/amati.org.gt\/en\/wp-json\/wp\/v2\/pages\/2207","targetHints":{"allow":["GET"]}}],"collection":[{"href":"https:\/\/amati.org.gt\/en\/wp-json\/wp\/v2\/pages"}],"about":[{"href":"https:\/\/amati.org.gt\/en\/wp-json\/wp\/v2\/types\/page"}],"author":[{"embeddable":true,"href":"https:\/\/amati.org.gt\/en\/wp-json\/wp\/v2\/users\/1"}],"replies":[{"embeddable":true,"href":"https:\/\/amati.org.gt\/en\/wp-json\/wp\/v2\/comments?post=2207"}],"version-history":[{"count":40,"href":"https:\/\/amati.org.gt\/en\/wp-json\/wp\/v2\/pages\/2207\/revisions"}],"predecessor-version":[{"id":2594,"href":"https:\/\/amati.org.gt\/en\/wp-json\/wp\/v2\/pages\/2207\/revisions\/2594"}],"wp:attachment":[{"href":"https:\/\/amati.org.gt\/en\/wp-json\/wp\/v2\/media?parent=2207"}],"curies":[{"name":"wp","href":"https:\/\/api.w.org\/{rel}","templated":true}]}}