{"id":2306,"date":"2024-05-25T02:23:13","date_gmt":"2024-05-25T08:23:13","guid":{"rendered":"https:\/\/amati.org.gt\/?page_id=2306"},"modified":"2024-05-26T12:17:32","modified_gmt":"2024-05-26T18:17:32","slug":"elementor-2306","status":"publish","type":"page","link":"https:\/\/amati.org.gt\/en\/elementor-2306\/","title":{"rendered":"Problemas"},"content":{"rendered":"<div data-elementor-type=\"wp-page\" data-elementor-id=\"2306\" class=\"elementor elementor-2306\">\n\t\t\t\t<div class=\"elementor-element elementor-element-6ee0fc9 e-flex e-con-boxed e-con e-parent\" data-id=\"6ee0fc9\" data-element_type=\"container\" data-e-type=\"container\">\n\t\t\t\t\t<div class=\"e-con-inner\">\n\t\t\t\t<div class=\"elementor-element elementor-element-e511f68 elementor-widget elementor-widget-heading\" data-id=\"e511f68\" data-element_type=\"widget\" data-e-type=\"widget\" data-widget_type=\"heading.default\">\n\t\t\t\t<div class=\"elementor-widget-container\">\n\t\t\t\t\t<h2 class=\"elementor-heading-title elementor-size-default\">Los problemas del lago<\/h2>\t\t\t\t<\/div>\n\t\t\t\t<\/div>\n\t\t<div class=\"elementor-element elementor-element-aa59b76 e-flex e-con-boxed e-con e-child\" data-id=\"aa59b76\" data-element_type=\"container\" data-e-type=\"container\">\n\t\t\t\t\t<div class=\"e-con-inner\">\n\t\t\t\t<div class=\"elementor-element elementor-element-b714d1d elementor-widget elementor-widget-text-editor\" data-id=\"b714d1d\" data-element_type=\"widget\" data-e-type=\"widget\" data-widget_type=\"text-editor.default\">\n\t\t\t\t<div class=\"elementor-widget-container\">\n\t\t\t\t\t\t\t\t\t<p>El principal problema del lago es el desinter\u00e9s. Desinter\u00e9s por parte de las autoridades de gobierno y de la poblaci\u00f3n en general. Las municipalidades han hecho muy poco o nada por cumplir con el Acuerdo Gubernativo 236-2006, que es el Reglamento de las descargas y re-uso de aguas residuales y de la disposici\u00f3n de lodos. La excusa ha sido que no tienen los fondos necesarios para construir y operar las plantas de tratamiento necesarias y el gobierno central no les ha ayudado con los fondos necesarios.\u00a0<\/p><p>\u00a0<\/p><p>\u00a0<\/p><p>El C\u00f3digo Municipal y el Decreto 90-97 del Congreso de la Rep\u00fablica hacen responsables a las municipalidades de la instalaci\u00f3n de sistemas adecuados para la eliminaci\u00f3n sanitaria de excretas, el tratamiento de aguas residuales y aguas servidas, as\u00ed como del mantenimiento de dichos sistemas conforme a la presente ley y los reglamentos respectivos.\u00a0<\/p><p>\u00a0<\/p><p>\u00a0<\/p><p>Los ciudadanos tambi\u00e9n somos responsables pues no exigimos a nuestras autoridades ediles el cumplimiento de la ley, ni nos preocupamos a la hora de emitir el sufragio, elegir al candidato que tenga entre sus planes de trabajo un manejo adecuado de los desechos s\u00f3lidos y l\u00edquidos. Adem\u00e1s, seguimos utilizando pl\u00e1sticos de un solo uso y no clasificamos correctamente nuestra basura. Lo que es peor a\u00fan, muchas veces la tiramos en la calle, tapando los drenajes, provocando inundaciones y contaminando nuestros r\u00edos, lagos y mares.<\/p><p>\u00a0<\/p><p>\u00a0<\/p><p>Del desinter\u00e9s generalizado nacen los siguientes problemas puntuales:<\/p>\t\t\t\t\t\t\t\t<\/div>\n\t\t\t\t<\/div>\n\t\t\t\t\t<\/div>\n\t\t\t\t<\/div>\n\t\t\t\t\t<\/div>\n\t\t\t\t<\/div>\n\t\t<div class=\"elementor-element elementor-element-ffc8fbe e-grid e-con-boxed e-con e-parent\" data-id=\"ffc8fbe\" data-element_type=\"container\" data-e-type=\"container\">\n\t\t\t\t\t<div class=\"e-con-inner\">\n\t\t<div class=\"elementor-element elementor-element-8c07c4c e-flex e-con-boxed e-con e-child\" data-id=\"8c07c4c\" data-element_type=\"container\" data-e-type=\"container\">\n\t\t\t\t\t<div class=\"e-con-inner\">\n\t\t\t\t<div class=\"elementor-element elementor-element-a4b5622 elementor-widget elementor-widget-spacer\" data-id=\"a4b5622\" data-element_type=\"widget\" data-e-type=\"widget\" data-widget_type=\"spacer.default\">\n\t\t\t\t<div class=\"elementor-widget-container\">\n\t\t\t\t\t\t\t<div class=\"elementor-spacer\">\n\t\t\t<div class=\"elementor-spacer-inner\"><\/div>\n\t\t<\/div>\n\t\t\t\t\t\t<\/div>\n\t\t\t\t<\/div>\n\t\t\t\t<div class=\"elementor-element elementor-element-953197e elementor-widget elementor-widget-heading\" data-id=\"953197e\" data-element_type=\"widget\" data-e-type=\"widget\" data-widget_type=\"heading.default\">\n\t\t\t\t<div class=\"elementor-widget-container\">\n\t\t\t\t\t<h2 class=\"elementor-heading-title elementor-size-default\">Colmataci\u00f3n<br>(sedimentaci\u00f3n)<\/h2>\t\t\t\t<\/div>\n\t\t\t\t<\/div>\n\t\t\t\t<div class=\"elementor-element elementor-element-e19a3cc elementor-widget elementor-widget-text-editor\" data-id=\"e19a3cc\" data-element_type=\"widget\" data-e-type=\"widget\" data-widget_type=\"text-editor.default\">\n\t\t\t\t<div class=\"elementor-widget-container\">\n\t\t\t\t\t\t\t\t\t<p>En la fotograf\u00eda de la izquierda se observa la desembocadura del r\u00edo Villalobos en enero de 1969. A la derecha podemos ver c\u00f3mo luce en mayo de 2024.<\/p>\t\t\t\t\t\t\t\t<\/div>\n\t\t\t\t<\/div>\n\t\t\t\t\t<\/div>\n\t\t\t\t<\/div>\n\t\t\t\t<div class=\"elementor-element elementor-element-5a9d467 elementor-widget elementor-widget-image\" data-id=\"5a9d467\" data-element_type=\"widget\" data-e-type=\"widget\" data-widget_type=\"image.default\">\n\t\t\t\t<div class=\"elementor-widget-container\">\n\t\t\t\t\t\t\t\t\t\t\t\t\t\t\t<img fetchpriority=\"high\" decoding=\"async\" width=\"790\" height=\"1024\" src=\"https:\/\/amati.org.gt\/wp-content\/uploads\/2024\/05\/Screenshot-2024-05-25-at-2.26.19\u202fAM-790x1024.jpg\" class=\"attachment-large size-large wp-image-2313\" alt=\"\" srcset=\"https:\/\/amati.org.gt\/wp-content\/uploads\/2024\/05\/Screenshot-2024-05-25-at-2.26.19\u202fAM-790x1024.jpg 790w, https:\/\/amati.org.gt\/wp-content\/uploads\/2024\/05\/Screenshot-2024-05-25-at-2.26.19\u202fAM-231x300.jpg 231w, https:\/\/amati.org.gt\/wp-content\/uploads\/2024\/05\/Screenshot-2024-05-25-at-2.26.19\u202fAM-768x996.jpg 768w, https:\/\/amati.org.gt\/wp-content\/uploads\/2024\/05\/Screenshot-2024-05-25-at-2.26.19\u202fAM-9x12.jpg 9w, https:\/\/amati.org.gt\/wp-content\/uploads\/2024\/05\/Screenshot-2024-05-25-at-2.26.19\u202fAM-600x778.jpg 600w, https:\/\/amati.org.gt\/wp-content\/uploads\/2024\/05\/Screenshot-2024-05-25-at-2.26.19\u202fAM.jpg 1113w\" sizes=\"(max-width: 790px) 100vw, 790px\" \/>\t\t\t\t\t\t\t\t\t\t\t\t\t\t\t<\/div>\n\t\t\t\t<\/div>\n\t\t\t\t<div class=\"elementor-element elementor-element-e1e5a26 elementor-widget elementor-widget-image\" data-id=\"e1e5a26\" data-element_type=\"widget\" data-e-type=\"widget\" data-widget_type=\"image.default\">\n\t\t\t\t<div class=\"elementor-widget-container\">\n\t\t\t\t\t\t\t\t\t\t\t\t\t\t\t<img decoding=\"async\" width=\"817\" height=\"1024\" src=\"https:\/\/amati.org.gt\/wp-content\/uploads\/2024\/05\/Screenshot-2024-05-25-at-2.26.56\u202fAM-817x1024.jpg\" class=\"attachment-large size-large wp-image-2314\" alt=\"\" srcset=\"https:\/\/amati.org.gt\/wp-content\/uploads\/2024\/05\/Screenshot-2024-05-25-at-2.26.56\u202fAM-817x1024.jpg 817w, https:\/\/amati.org.gt\/wp-content\/uploads\/2024\/05\/Screenshot-2024-05-25-at-2.26.56\u202fAM-239x300.jpg 239w, https:\/\/amati.org.gt\/wp-content\/uploads\/2024\/05\/Screenshot-2024-05-25-at-2.26.56\u202fAM-768x962.jpg 768w, https:\/\/amati.org.gt\/wp-content\/uploads\/2024\/05\/Screenshot-2024-05-25-at-2.26.56\u202fAM-10x12.jpg 10w, https:\/\/amati.org.gt\/wp-content\/uploads\/2024\/05\/Screenshot-2024-05-25-at-2.26.56\u202fAM-600x752.jpg 600w, https:\/\/amati.org.gt\/wp-content\/uploads\/2024\/05\/Screenshot-2024-05-25-at-2.26.56\u202fAM.jpg 1154w\" sizes=\"(max-width: 817px) 100vw, 817px\" \/>\t\t\t\t\t\t\t\t\t\t\t\t\t\t\t<\/div>\n\t\t\t\t<\/div>\n\t\t\t\t\t<\/div>\n\t\t\t\t<\/div>\n\t\t<div class=\"elementor-element elementor-element-60f31a3 e-flex e-con-boxed e-con e-parent\" data-id=\"60f31a3\" data-element_type=\"container\" data-e-type=\"container\">\n\t\t\t\t\t<div class=\"e-con-inner\">\n\t\t<div class=\"elementor-element elementor-element-2245969 e-con-full e-flex e-con e-child\" data-id=\"2245969\" data-element_type=\"container\" data-e-type=\"container\">\n\t\t\t\t<div class=\"elementor-element elementor-element-9c7e7c9 elementor-widget elementor-widget-spacer\" data-id=\"9c7e7c9\" data-element_type=\"widget\" data-e-type=\"widget\" data-widget_type=\"spacer.default\">\n\t\t\t\t<div class=\"elementor-widget-container\">\n\t\t\t\t\t\t\t<div class=\"elementor-spacer\">\n\t\t\t<div class=\"elementor-spacer-inner\"><\/div>\n\t\t<\/div>\n\t\t\t\t\t\t<\/div>\n\t\t\t\t<\/div>\n\t\t\t\t<div class=\"elementor-element elementor-element-84b935f elementor-widget elementor-widget-heading\" data-id=\"84b935f\" data-element_type=\"widget\" data-e-type=\"widget\" data-widget_type=\"heading.default\">\n\t\t\t\t<div class=\"elementor-widget-container\">\n\t\t\t\t\t<h2 class=\"elementor-heading-title elementor-size-default\">Contaminaci\u00f3n h\u00eddrica<\/h2>\t\t\t\t<\/div>\n\t\t\t\t<\/div>\n\t\t\t\t<div class=\"elementor-element elementor-element-c594b44 elementor-widget elementor-widget-text-editor\" data-id=\"c594b44\" data-element_type=\"widget\" data-e-type=\"widget\" data-widget_type=\"text-editor.default\">\n\t\t\t\t<div class=\"elementor-widget-container\">\n\t\t\t\t\t\t\t\t\t<p>El r\u00edo Villalobos vierte entre 1.5 y 2.5 metros c\u00fabicos de aguas servidas por segundo, provenientes de los 14 municipios de su cuenca.<\/p>\t\t\t\t\t\t\t\t<\/div>\n\t\t\t\t<\/div>\n\t\t\t\t<\/div>\n\t\t<div class=\"elementor-element elementor-element-47caf00 e-con-full e-flex e-con e-child\" data-id=\"47caf00\" data-element_type=\"container\" data-e-type=\"container\">\n\t\t\t\t<div class=\"elementor-element elementor-element-1a8b28e elementor-widget elementor-widget-image\" data-id=\"1a8b28e\" data-element_type=\"widget\" data-e-type=\"widget\" data-widget_type=\"image.default\">\n\t\t\t\t<div class=\"elementor-widget-container\">\n\t\t\t\t\t\t\t\t\t\t\t\t\t\t\t<img decoding=\"async\" width=\"1024\" height=\"683\" src=\"https:\/\/amati.org.gt\/wp-content\/uploads\/2024\/05\/RawSewage-1024x683.jpeg\" class=\"attachment-large size-large wp-image-2310\" alt=\"\" srcset=\"https:\/\/amati.org.gt\/wp-content\/uploads\/2024\/05\/RawSewage-1024x683.jpeg 1024w, https:\/\/amati.org.gt\/wp-content\/uploads\/2024\/05\/RawSewage-300x200.jpeg 300w, https:\/\/amati.org.gt\/wp-content\/uploads\/2024\/05\/RawSewage-768x512.jpeg 768w, https:\/\/amati.org.gt\/wp-content\/uploads\/2024\/05\/RawSewage-1536x1025.jpeg 1536w, https:\/\/amati.org.gt\/wp-content\/uploads\/2024\/05\/RawSewage-2048x1366.jpeg 2048w, https:\/\/amati.org.gt\/wp-content\/uploads\/2024\/05\/RawSewage-18x12.jpeg 18w, https:\/\/amati.org.gt\/wp-content\/uploads\/2024\/05\/RawSewage-600x400.jpeg 600w\" sizes=\"(max-width: 1024px) 100vw, 1024px\" \/>\t\t\t\t\t\t\t\t\t\t\t\t\t\t\t<\/div>\n\t\t\t\t<\/div>\n\t\t\t\t<\/div>\n\t\t\t\t\t<\/div>\n\t\t\t\t<\/div>\n\t\t<div class=\"elementor-element elementor-element-090106e e-flex e-con-boxed e-con e-parent\" data-id=\"090106e\" data-element_type=\"container\" data-e-type=\"container\">\n\t\t\t\t\t<div class=\"e-con-inner\">\n\t\t<div class=\"elementor-element elementor-element-b9f7bc5 e-con-full e-flex e-con e-child\" data-id=\"b9f7bc5\" data-element_type=\"container\" data-e-type=\"container\">\n\t\t\t\t<div class=\"elementor-element elementor-element-5817d31 elementor-widget elementor-widget-spacer\" data-id=\"5817d31\" data-element_type=\"widget\" data-e-type=\"widget\" data-widget_type=\"spacer.default\">\n\t\t\t\t<div class=\"elementor-widget-container\">\n\t\t\t\t\t\t\t<div class=\"elementor-spacer\">\n\t\t\t<div class=\"elementor-spacer-inner\"><\/div>\n\t\t<\/div>\n\t\t\t\t\t\t<\/div>\n\t\t\t\t<\/div>\n\t\t\t\t<div class=\"elementor-element elementor-element-1ac0607 elementor-widget elementor-widget-heading\" data-id=\"1ac0607\" data-element_type=\"widget\" data-e-type=\"widget\" data-widget_type=\"heading.default\">\n\t\t\t\t<div class=\"elementor-widget-container\">\n\t\t\t\t\t<h2 class=\"elementor-heading-title elementor-size-default\">Desechos s\u00f3lidos<\/h2>\t\t\t\t<\/div>\n\t\t\t\t<\/div>\n\t\t\t\t<div class=\"elementor-element elementor-element-dd513ca elementor-widget elementor-widget-text-editor\" data-id=\"dd513ca\" data-element_type=\"widget\" data-e-type=\"widget\" data-widget_type=\"text-editor.default\">\n\t\t\t\t<div class=\"elementor-widget-container\">\n\t\t\t\t\t\t\t\t\t<p>Ingreso al lago de miles de toneladas de desechos solidos que son arrastrados por la lluvia<\/p>\t\t\t\t\t\t\t\t<\/div>\n\t\t\t\t<\/div>\n\t\t\t\t<\/div>\n\t\t<div class=\"elementor-element elementor-element-87c5bc6 e-con-full e-flex e-con e-child\" data-id=\"87c5bc6\" data-element_type=\"container\" data-e-type=\"container\">\n\t\t\t\t<div class=\"elementor-element elementor-element-6f1a6f9 elementor-widget elementor-widget-image\" data-id=\"6f1a6f9\" data-element_type=\"widget\" data-e-type=\"widget\" data-widget_type=\"image.default\">\n\t\t\t\t<div class=\"elementor-widget-container\">\n\t\t\t\t\t\t\t\t\t\t\t\t\t\t\t<img loading=\"lazy\" decoding=\"async\" width=\"683\" height=\"540\" src=\"https:\/\/amati.org.gt\/wp-content\/uploads\/2024\/05\/Picture2.png\" class=\"attachment-large size-large wp-image-2311\" alt=\"\" srcset=\"https:\/\/amati.org.gt\/wp-content\/uploads\/2024\/05\/Picture2.png 683w, https:\/\/amati.org.gt\/wp-content\/uploads\/2024\/05\/Picture2-300x237.png 300w, https:\/\/amati.org.gt\/wp-content\/uploads\/2024\/05\/Picture2-15x12.png 15w, https:\/\/amati.org.gt\/wp-content\/uploads\/2024\/05\/Picture2-600x474.png 600w\" sizes=\"(max-width: 683px) 100vw, 683px\" \/>\t\t\t\t\t\t\t\t\t\t\t\t\t\t\t<\/div>\n\t\t\t\t<\/div>\n\t\t\t\t<\/div>\n\t\t\t\t\t<\/div>\n\t\t\t\t<\/div>\n\t\t<div class=\"elementor-element elementor-element-29f6cd4 e-flex e-con-boxed e-con e-parent\" data-id=\"29f6cd4\" data-element_type=\"container\" data-e-type=\"container\">\n\t\t\t\t\t<div class=\"e-con-inner\">\n\t\t<div class=\"elementor-element elementor-element-c2c3da6 e-con-full e-flex e-con e-child\" data-id=\"c2c3da6\" data-element_type=\"container\" data-e-type=\"container\">\n\t\t\t\t<div class=\"elementor-element elementor-element-59ed8f4 elementor-widget elementor-widget-spacer\" data-id=\"59ed8f4\" data-element_type=\"widget\" data-e-type=\"widget\" data-widget_type=\"spacer.default\">\n\t\t\t\t<div class=\"elementor-widget-container\">\n\t\t\t\t\t\t\t<div class=\"elementor-spacer\">\n\t\t\t<div class=\"elementor-spacer-inner\"><\/div>\n\t\t<\/div>\n\t\t\t\t\t\t<\/div>\n\t\t\t\t<\/div>\n\t\t\t\t<div class=\"elementor-element elementor-element-613df25 elementor-widget elementor-widget-heading\" data-id=\"613df25\" data-element_type=\"widget\" data-e-type=\"widget\" data-widget_type=\"heading.default\">\n\t\t\t\t<div class=\"elementor-widget-container\">\n\t\t\t\t\t<h2 class=\"elementor-heading-title elementor-size-default\">Eutrofizaci\u00f3n<\/h2>\t\t\t\t<\/div>\n\t\t\t\t<\/div>\n\t\t\t\t<div class=\"elementor-element elementor-element-4e9f5da elementor-widget elementor-widget-text-editor\" data-id=\"4e9f5da\" data-element_type=\"widget\" data-e-type=\"widget\" data-widget_type=\"text-editor.default\">\n\t\t\t\t<div class=\"elementor-widget-container\">\n\t\t\t\t\t\t\t\t\t<p>Causada por el exceso de nutrientes, que provocan el crecimiento excesivo de cianobacterias durante la \u00e9poca seca, principalmente Microcystis Aeruginosa. La eutrofizaci\u00f3n produce un aumento de la biomasa y un empobrecimiento de la diversidad biol\u00f3gica. El enturbiamiento del agua impide que la luz penetre al fondo del ecosistema, haciendo imposible la fotos\u00edntesis productora de ox\u00edgeno libre, volviendo el lago en an\u00f3xico (sin \u00f3xigeno).<\/p>\t\t\t\t\t\t\t\t<\/div>\n\t\t\t\t<\/div>\n\t\t\t\t<\/div>\n\t\t<div class=\"elementor-element elementor-element-a3d7b49 e-con-full e-flex e-con e-child\" data-id=\"a3d7b49\" data-element_type=\"container\" data-e-type=\"container\">\n\t\t\t\t<div class=\"elementor-element elementor-element-b64ec32 elementor-widget elementor-widget-image\" data-id=\"b64ec32\" data-element_type=\"widget\" data-e-type=\"widget\" data-widget_type=\"image.default\">\n\t\t\t\t<div class=\"elementor-widget-container\">\n\t\t\t\t\t\t\t\t\t\t\t\t\t\t\t<img loading=\"lazy\" decoding=\"async\" width=\"683\" height=\"540\" src=\"https:\/\/amati.org.gt\/wp-content\/uploads\/2024\/05\/Picture3.jpg\" class=\"attachment-large size-large wp-image-2312\" alt=\"\" srcset=\"https:\/\/amati.org.gt\/wp-content\/uploads\/2024\/05\/Picture3.jpg 683w, https:\/\/amati.org.gt\/wp-content\/uploads\/2024\/05\/Picture3-300x237.jpg 300w, https:\/\/amati.org.gt\/wp-content\/uploads\/2024\/05\/Picture3-15x12.jpg 15w, https:\/\/amati.org.gt\/wp-content\/uploads\/2024\/05\/Picture3-600x474.jpg 600w\" sizes=\"(max-width: 683px) 100vw, 683px\" \/>\t\t\t\t\t\t\t\t\t\t\t\t\t\t\t<\/div>\n\t\t\t\t<\/div>\n\t\t\t\t<\/div>\n\t\t\t\t\t<\/div>\n\t\t\t\t<\/div>\n\t\t<div class=\"elementor-element elementor-element-582974b e-flex e-con-boxed e-con e-parent\" data-id=\"582974b\" data-element_type=\"container\" data-e-type=\"container\">\n\t\t\t\t\t<div class=\"e-con-inner\">\n\t\t\t\t<div class=\"elementor-element elementor-element-9eb35a1 elementor-align-center elementor-widget elementor-widget-button\" data-id=\"9eb35a1\" data-element_type=\"widget\" data-e-type=\"widget\" data-widget_type=\"button.default\">\n\t\t\t\t<div class=\"elementor-widget-container\">\n\t\t\t\t\t\t\t\t\t<div class=\"elementor-button-wrapper\">\n\t\t\t\t\t<a class=\"elementor-button elementor-button-link elementor-size-sm\" href=\"https:\/\/amati.org.gt\/en\/asociarse\/\">\n\t\t\t\t\t\t<span class=\"elementor-button-content-wrapper\">\n\t\t\t\t\t\t\t\t\t<span class=\"elementor-button-text\">Asociarse<\/span>\n\t\t\t\t\t<\/span>\n\t\t\t\t\t<\/a>\n\t\t\t\t<\/div>\n\t\t\t\t\t\t\t\t<\/div>\n\t\t\t\t<\/div>\n\t\t\t\t\t<\/div>\n\t\t\t\t<\/div>\n\t\t\t\t<\/div>","protected":false},"excerpt":{"rendered":"<p>Los problemas del lago El principal problema del lago es el desinter\u00e9s. Desinter\u00e9s por parte de las autoridades de gobierno y de la poblaci\u00f3n en general. Las municipalidades han hecho muy poco o nada por cumplir con el Acuerdo Gubernativo 236-2006, que es el Reglamento de las descargas y re-uso de aguas residuales y de [&hellip;]<\/p>\n","protected":false},"author":1,"featured_media":0,"parent":0,"menu_order":0,"comment_status":"closed","ping_status":"closed","template":"","meta":{"site-sidebar-layout":"no-sidebar","site-content-layout":"page-builder","ast-site-content-layout":"full-width-container","site-content-style":"default","site-sidebar-style":"default","ast-global-header-display":"","ast-banner-title-visibility":"","ast-main-header-display":"","ast-hfb-above-header-display":"","ast-hfb-below-header-display":"","ast-hfb-mobile-header-display":"","site-post-title":"disabled","ast-breadcrumbs-content":"","ast-featured-img":"disabled","footer-sml-layout":"","ast-disable-related-posts":"","theme-transparent-header-meta":"","adv-header-id-meta":"","stick-header-meta":"","header-above-stick-meta":"","header-main-stick-meta":"","header-below-stick-meta":"","astra-migrate-meta-layouts":"set","ast-page-background-enabled":"default","ast-page-background-meta":{"desktop":{"background-color":"var(--ast-global-color-4)","background-image":"","background-repeat":"repeat","background-position":"center center","background-size":"auto","background-attachment":"scroll","background-type":"","background-media":"","overlay-type":"","overlay-color":"","overlay-opacity":"","overlay-gradient":""},"tablet":{"background-color":"","background-image":"","background-repeat":"repeat","background-position":"center center","background-size":"auto","background-attachment":"scroll","background-type":"","background-media":"","overlay-type":"","overlay-color":"","overlay-opacity":"","overlay-gradient":""},"mobile":{"background-color":"","background-image":"","background-repeat":"repeat","background-position":"center center","background-size":"auto","background-attachment":"scroll","background-type":"","background-media":"","overlay-type":"","overlay-color":"","overlay-opacity":"","overlay-gradient":""}},"ast-content-background-meta":{"desktop":{"background-color":"var(--ast-global-color-5)","background-image":"","background-repeat":"repeat","background-position":"center center","background-size":"auto","background-attachment":"scroll","background-type":"","background-media":"","overlay-type":"","overlay-color":"","overlay-opacity":"","overlay-gradient":""},"tablet":{"background-color":"var(--ast-global-color-5)","background-image":"","background-repeat":"repeat","background-position":"center center","background-size":"auto","background-attachment":"scroll","background-type":"","background-media":"","overlay-type":"","overlay-color":"","overlay-opacity":"","overlay-gradient":""},"mobile":{"background-color":"var(--ast-global-color-5)","background-image":"","background-repeat":"repeat","background-position":"center center","background-size":"auto","background-attachment":"scroll","background-type":"","background-media":"","overlay-type":"","overlay-color":"","overlay-opacity":"","overlay-gradient":""}},"footnotes":""},"class_list":["post-2306","page","type-page","status-publish","hentry"],"jetpack_sharing_enabled":true,"_links":{"self":[{"href":"https:\/\/amati.org.gt\/en\/wp-json\/wp\/v2\/pages\/2306","targetHints":{"allow":["GET"]}}],"collection":[{"href":"https:\/\/amati.org.gt\/en\/wp-json\/wp\/v2\/pages"}],"about":[{"href":"https:\/\/amati.org.gt\/en\/wp-json\/wp\/v2\/types\/page"}],"author":[{"embeddable":true,"href":"https:\/\/amati.org.gt\/en\/wp-json\/wp\/v2\/users\/1"}],"replies":[{"embeddable":true,"href":"https:\/\/amati.org.gt\/en\/wp-json\/wp\/v2\/comments?post=2306"}],"version-history":[{"count":26,"href":"https:\/\/amati.org.gt\/en\/wp-json\/wp\/v2\/pages\/2306\/revisions"}],"predecessor-version":[{"id":2588,"href":"https:\/\/amati.org.gt\/en\/wp-json\/wp\/v2\/pages\/2306\/revisions\/2588"}],"wp:attachment":[{"href":"https:\/\/amati.org.gt\/en\/wp-json\/wp\/v2\/media?parent=2306"}],"curies":[{"name":"wp","href":"https:\/\/api.w.org\/{rel}","templated":true}]}}