{"id":2427,"date":"2024-05-25T13:27:04","date_gmt":"2024-05-25T19:27:04","guid":{"rendered":"https:\/\/amati.org.gt\/?page_id=2427"},"modified":"2024-05-28T18:59:03","modified_gmt":"2024-05-29T00:59:03","slug":"asociarse","status":"publish","type":"page","link":"https:\/\/amati.org.gt\/en\/asociarse\/","title":{"rendered":"Asociarse"},"content":{"rendered":"<div data-elementor-type=\"wp-page\" data-elementor-id=\"2427\" class=\"elementor elementor-2427\">\n\t\t\t\t<div class=\"elementor-element elementor-element-26a29ae e-flex e-con-boxed e-con e-parent\" data-id=\"26a29ae\" data-element_type=\"container\" data-e-type=\"container\">\n\t\t\t\t\t<div class=\"e-con-inner\">\n\t\t<div class=\"elementor-element elementor-element-fc81a20 e-flex e-con-boxed e-con e-child\" data-id=\"fc81a20\" data-element_type=\"container\" data-e-type=\"container\">\n\t\t\t\t\t<div class=\"e-con-inner\">\n\t\t\t\t<div class=\"elementor-element elementor-element-e465fec elementor-widget elementor-widget-text-editor\" data-id=\"e465fec\" data-element_type=\"widget\" data-e-type=\"widget\" data-widget_type=\"text-editor.default\">\n\t\t\t\t<div class=\"elementor-widget-container\">\n\t\t\t\t\t\t\t\t\t<p>Gracias por tu inter\u00e9s en ser parte de la <strong>Asociaci\u00f3n AM-Amati ONG de Incidencia, Medio Ambiente y Fortalecimiento Institucional<\/strong>, una organizaci\u00f3n comprometida con la preservaci\u00f3n y recuperaci\u00f3n del <strong>Lago de Amatitl\u00e1n<\/strong><\/p><p><strong>\u00a0<\/strong><\/p><p><b>\u00bfQui\u00e9nes somos? <\/b>Somos un grupo de personas apasionadas por el medio ambiente y la sostenibilidad. Nuestro objetivo principal es trabajar en conjunto para proteger y revitalizar el Lago de Amatitl\u00e1n, un recurso invaluable para nuestra comunidad.<\/p><p>\u00a0<\/p><p><strong>\u00bfPor qu\u00e9 unirte?<\/strong><\/p><p><strong>&#8211; Asociarse:<\/strong> Te permite participar con voz y voto en las Asambleas Generales Ordinarias y Extraordinarias, adem\u00e1s de poder integrar la Junta Directiva.<\/p><p><strong>&#8211; Impacto positivo:<\/strong> Al unirte a nuestra asociaci\u00f3n tendr\u00e1s la oportunidad de marcar la diferencia en la salud y futuro del lago.<\/p><p><strong>&#8211; Participaci\u00f3n activa:<\/strong> Organizamos actividades de limpieza, reforestaci\u00f3n, educaci\u00f3n ambiental y proyectos de restauraci\u00f3n. Tu participaci\u00f3n ser\u00e1 fundamental.<\/p><p><strong>&#8211; Red de apoyo:<\/strong> Conocer\u00e1s a personas con intereses similares y podr\u00e1s colaborar con expertos en conservaci\u00f3n<\/p><p>\u00a0<\/p><p><strong>\u00bfQue m\u00e1s puedes hacer?<\/strong><\/p><p><strong>&#8211; Voluntariado:<\/strong> \u00danete a nuestras actividades pro beneficio del lago.<\/p><p><strong>&#8211; Concienciaci\u00f3n:<\/strong> Ayuda a sensibilizar a la comunidad sobre la importancia del lago y la necesidad de cuidarlo.<\/p><p><strong>&#8211; Donaciones:<\/strong> Contribuye con recursos para financiar proyectos de restauraci\u00f3n, monitoreo y promoci\u00f3n del lago.<\/p><p>\u00a0<\/p><p>Si deseas asociarte, te ofrecemos los siguientes 3 niveles:<\/p><p>\u00a0<\/p><p><strong>&#8211; Nivel 1:<\/strong> De Q120 a Q599 anuales, desde Q10 al mes.<\/p><p><strong>&#8211; Nivel 2:<\/strong> De Q600 a Q1,199 anuales, desde Q50 al mes (descuento de 10% en mercader\u00eda y eventos)*.<\/p><p><strong>&#8211; Nivel 3:<\/strong> De Q1,200 anuales en adelante, desde Q100 al mes (descuento de 15% en mercader\u00eda y eventos, promociones en comercios participantes)*.<\/p><p>*Aplican restricciones.<\/p><p>\u00a0<\/p><p>\u00a0<\/p><p>C\u00f3mo asociarse a una ONG implica pasos legales, es importante que leas el Reglamento de R\u00e9gimen Interno de la Asociaci\u00f3n.<\/p>\t\t\t\t\t\t\t\t<\/div>\n\t\t\t\t<\/div>\n\t\t\t\t\t<\/div>\n\t\t\t\t<\/div>\n\t\t\t\t\t<\/div>\n\t\t\t\t<\/div>\n\t\t<div class=\"elementor-element elementor-element-3a6a6c9 e-flex e-con-boxed e-con e-parent\" data-id=\"3a6a6c9\" data-element_type=\"container\" data-e-type=\"container\">\n\t\t\t\t\t<div class=\"e-con-inner\">\n\t\t\t\t<div class=\"elementor-element elementor-element-dcf7190 elementor-widget-divider--view-line elementor-widget elementor-widget-divider\" data-id=\"dcf7190\" data-element_type=\"widget\" data-e-type=\"widget\" data-widget_type=\"divider.default\">\n\t\t\t\t<div class=\"elementor-widget-container\">\n\t\t\t\t\t\t\t<div class=\"elementor-divider\">\n\t\t\t<span class=\"elementor-divider-separator\">\n\t\t\t\t\t\t<\/span>\n\t\t<\/div>\n\t\t\t\t\t\t<\/div>\n\t\t\t\t<\/div>\n\t\t\t\t<div class=\"elementor-element elementor-element-1aa68a6 elementor-widget elementor-widget-heading\" data-id=\"1aa68a6\" data-element_type=\"widget\" data-e-type=\"widget\" data-widget_type=\"heading.default\">\n\t\t\t\t<div class=\"elementor-widget-container\">\n\t\t\t\t\t<h2 class=\"elementor-heading-title elementor-size-default\">Reglamento de R\u00e9gimen Interno<\/h2>\t\t\t\t<\/div>\n\t\t\t\t<\/div>\n\t\t\t\t<div class=\"elementor-element elementor-element-8447c0b elementor-arrows-position-inside elementor-pagination-position-outside elementor-widget elementor-widget-image-carousel\" data-id=\"8447c0b\" data-element_type=\"widget\" data-e-type=\"widget\" data-settings=\"{&quot;navigation&quot;:&quot;both&quot;,&quot;autoplay&quot;:&quot;yes&quot;,&quot;pause_on_hover&quot;:&quot;yes&quot;,&quot;pause_on_interaction&quot;:&quot;yes&quot;,&quot;autoplay_speed&quot;:5000,&quot;infinite&quot;:&quot;yes&quot;,&quot;speed&quot;:500}\" data-widget_type=\"image-carousel.default\">\n\t\t\t\t<div class=\"elementor-widget-container\">\n\t\t\t\t\t\t\t<div class=\"elementor-image-carousel-wrapper swiper\" role=\"region\" aria-roledescription=\"carousel\" aria-label=\"Image Carousel\" dir=\"ltr\">\n\t\t\t<div class=\"elementor-image-carousel swiper-wrapper\" aria-live=\"off\">\n\t\t\t\t\t\t\t\t<div class=\"swiper-slide\" role=\"group\" aria-roledescription=\"slide\" aria-label=\"1 of 8\" data-no-translation-aria-label=\"\"><figure class=\"swiper-slide-inner\"><img decoding=\"async\" class=\"swiper-slide-image\" src=\"https:\/\/amati.org.gt\/wp-content\/uploads\/2024\/05\/ReglamentoHoja1.jpg\" alt=\"Screenshot\" \/><\/figure><\/div><div class=\"swiper-slide\" role=\"group\" aria-roledescription=\"slide\" aria-label=\"2 of 8\" data-no-translation-aria-label=\"\"><figure class=\"swiper-slide-inner\"><img decoding=\"async\" class=\"swiper-slide-image\" src=\"https:\/\/amati.org.gt\/wp-content\/uploads\/2024\/05\/ReglamentoHoja2.jpg\" alt=\"Screenshot\" \/><\/figure><\/div><div class=\"swiper-slide\" role=\"group\" aria-roledescription=\"slide\" aria-label=\"3 of 8\" data-no-translation-aria-label=\"\"><figure class=\"swiper-slide-inner\"><img decoding=\"async\" class=\"swiper-slide-image\" src=\"https:\/\/amati.org.gt\/wp-content\/uploads\/2024\/05\/ReglamentoHoja3.jpg\" alt=\"Screenshot\" \/><\/figure><\/div><div class=\"swiper-slide\" role=\"group\" aria-roledescription=\"slide\" aria-label=\"4 of 8\" data-no-translation-aria-label=\"\"><figure class=\"swiper-slide-inner\"><img decoding=\"async\" class=\"swiper-slide-image\" src=\"https:\/\/amati.org.gt\/wp-content\/uploads\/2024\/05\/ReglamentoHoja4.jpg\" alt=\"Screenshot\" \/><\/figure><\/div><div class=\"swiper-slide\" role=\"group\" aria-roledescription=\"slide\" aria-label=\"5 of 8\" data-no-translation-aria-label=\"\"><figure class=\"swiper-slide-inner\"><img decoding=\"async\" class=\"swiper-slide-image\" src=\"https:\/\/amati.org.gt\/wp-content\/uploads\/2024\/05\/ReglamentoHoja5.jpg\" alt=\"Screenshot\" \/><\/figure><\/div><div class=\"swiper-slide\" role=\"group\" aria-roledescription=\"slide\" aria-label=\"6 of 8\" data-no-translation-aria-label=\"\"><figure class=\"swiper-slide-inner\"><img decoding=\"async\" class=\"swiper-slide-image\" src=\"https:\/\/amati.org.gt\/wp-content\/uploads\/2024\/05\/ReglamentoHoja6.jpg\" alt=\"Screenshot\" \/><\/figure><\/div><div class=\"swiper-slide\" role=\"group\" aria-roledescription=\"slide\" aria-label=\"7 of 8\" data-no-translation-aria-label=\"\"><figure class=\"swiper-slide-inner\"><img decoding=\"async\" class=\"swiper-slide-image\" src=\"https:\/\/amati.org.gt\/wp-content\/uploads\/2024\/05\/ReglamentoHoja7.jpg\" alt=\"Screenshot\" \/><\/figure><\/div><div class=\"swiper-slide\" role=\"group\" aria-roledescription=\"slide\" aria-label=\"8 of 8\" data-no-translation-aria-label=\"\"><figure class=\"swiper-slide-inner\"><img decoding=\"async\" class=\"swiper-slide-image\" src=\"https:\/\/amati.org.gt\/wp-content\/uploads\/2024\/05\/ReglamentoHoja8.jpg\" alt=\"Screenshot\" \/><\/figure><\/div>\t\t\t<\/div>\n\t\t\t\t\t\t\t\t\t\t\t\t<div class=\"elementor-swiper-button elementor-swiper-button-prev\" role=\"button\" tabindex=\"0\">\n\t\t\t\t\t\t<svg aria-hidden=\"true\" class=\"e-font-icon-svg e-eicon-chevron-left\" viewbox=\"0 0 1000 1000\" xmlns=\"http:\/\/www.w3.org\/2000\/svg\"><path d=\"M646 125C629 125 613 133 604 142L308 442C296 454 292 471 292 487 292 504 296 521 308 533L604 854C617 867 629 875 646 875 663 875 679 871 692 858 704 846 713 829 713 812 713 796 708 779 692 767L438 487 692 225C700 217 708 204 708 187 708 171 704 154 692 142 675 129 663 125 646 125Z\"><\/path><\/svg>\t\t\t\t\t<\/div>\n\t\t\t\t\t<div class=\"elementor-swiper-button elementor-swiper-button-next\" role=\"button\" tabindex=\"0\">\n\t\t\t\t\t\t<svg aria-hidden=\"true\" class=\"e-font-icon-svg e-eicon-chevron-right\" viewbox=\"0 0 1000 1000\" xmlns=\"http:\/\/www.w3.org\/2000\/svg\"><path d=\"M696 533C708 521 713 504 713 487 713 471 708 454 696 446L400 146C388 133 375 125 354 125 338 125 325 129 313 142 300 154 292 171 292 187 292 204 296 221 308 233L563 492 304 771C292 783 288 800 288 817 288 833 296 850 308 863 321 871 338 875 354 875 371 875 388 867 400 854L696 533Z\"><\/path><\/svg>\t\t\t\t\t<\/div>\n\t\t\t\t\n\t\t\t\t\t\t\t\t\t<div class=\"swiper-pagination\"><\/div>\n\t\t\t\t\t\t\t\t\t<\/div>\n\t\t\t\t\t\t<\/div>\n\t\t\t\t<\/div>\n\t\t\t\t<div class=\"elementor-element elementor-element-873a085 elementor-align-center elementor-widget elementor-widget-button\" data-id=\"873a085\" data-element_type=\"widget\" data-e-type=\"widget\" data-widget_type=\"button.default\">\n\t\t\t\t<div class=\"elementor-widget-container\">\n\t\t\t\t\t\t\t\t\t<div class=\"elementor-button-wrapper\">\n\t\t\t\t\t<a class=\"elementor-button elementor-button-link elementor-size-sm\" href=\"https:\/\/amati.org.gt\/wp-content\/uploads\/2024\/05\/Reglamento-de-regimen-interno-de-la-Asociacion-AM.pdf\" target=\"_blank\">\n\t\t\t\t\t\t<span class=\"elementor-button-content-wrapper\">\n\t\t\t\t\t\t\t\t\t<span class=\"elementor-button-text\">Descargar el reglamento en formato PDF<\/span>\n\t\t\t\t\t<\/span>\n\t\t\t\t\t<\/a>\n\t\t\t\t<\/div>\n\t\t\t\t\t\t\t\t<\/div>\n\t\t\t\t<\/div>\n\t\t\t\t<div class=\"elementor-element elementor-element-1ec31b1 elementor-widget elementor-widget-heading\" data-id=\"1ec31b1\" data-element_type=\"widget\" data-e-type=\"widget\" data-widget_type=\"heading.default\">\n\t\t\t\t<div class=\"elementor-widget-container\">\n\t\t\t\t\t<h2 class=\"elementor-heading-title elementor-size-default\">Declaro haber le\u00eddo, entendido y estar de acuerdo con el Reglamento<\/h2>\t\t\t\t<\/div>\n\t\t\t\t<\/div>\n\t\t\t\t<div class=\"elementor-element elementor-element-031b2f3 elementor-align-center elementor-widget elementor-widget-button\" data-id=\"031b2f3\" data-element_type=\"widget\" data-e-type=\"widget\" data-widget_type=\"button.default\">\n\t\t\t\t<div class=\"elementor-widget-container\">\n\t\t\t\t\t\t\t\t\t<div class=\"elementor-button-wrapper\">\n\t\t\t\t\t<a class=\"elementor-button elementor-button-link elementor-size-sm\" href=\"https:\/\/forms.office.com\/r\/TmugEZxAB6\">\n\t\t\t\t\t\t<span class=\"elementor-button-content-wrapper\">\n\t\t\t\t\t\t\t\t\t<span class=\"elementor-button-text\">Inscripci\u00f3n<\/span>\n\t\t\t\t\t<\/span>\n\t\t\t\t\t<\/a>\n\t\t\t\t<\/div>\n\t\t\t\t\t\t\t\t<\/div>\n\t\t\t\t<\/div>\n\t\t\t\t\t<\/div>\n\t\t\t\t<\/div>\n\t\t\t\t<\/div>","protected":false},"excerpt":{"rendered":"<p>Gracias por tu inter\u00e9s en ser parte de la Asociaci\u00f3n AM-Amati ONG de Incidencia, Medio Ambiente y Fortalecimiento Institucional, una organizaci\u00f3n comprometida con la preservaci\u00f3n y recuperaci\u00f3n del Lago de Amatitl\u00e1n \u00a0 \u00bfQui\u00e9nes somos? Somos un grupo de personas apasionadas por el medio ambiente y la sostenibilidad. Nuestro objetivo principal es trabajar en conjunto para [&hellip;]<\/p>\n","protected":false},"author":1,"featured_media":0,"parent":0,"menu_order":0,"comment_status":"closed","ping_status":"closed","template":"","meta":{"site-sidebar-layout":"no-sidebar","site-content-layout":"page-builder","ast-site-content-layout":"full-width-container","site-content-style":"default","site-sidebar-style":"default","ast-global-header-display":"","ast-banner-title-visibility":"","ast-main-header-display":"","ast-hfb-above-header-display":"","ast-hfb-below-header-display":"","ast-hfb-mobile-header-display":"","site-post-title":"disabled","ast-breadcrumbs-content":"","ast-featured-img":"disabled","footer-sml-layout":"","ast-disable-related-posts":"","theme-transparent-header-meta":"","adv-header-id-meta":"","stick-header-meta":"","header-above-stick-meta":"","header-main-stick-meta":"","header-below-stick-meta":"","astra-migrate-meta-layouts":"set","ast-page-background-enabled":"default","ast-page-background-meta":{"desktop":{"background-color":"var(--ast-global-color-4)","background-image":"","background-repeat":"repeat","background-position":"center center","background-size":"auto","background-attachment":"scroll","background-type":"","background-media":"","overlay-type":"","overlay-color":"","overlay-opacity":"","overlay-gradient":""},"tablet":{"background-color":"","background-image":"","background-repeat":"repeat","background-position":"center center","background-size":"auto","background-attachment":"scroll","background-type":"","background-media":"","overlay-type":"","overlay-color":"","overlay-opacity":"","overlay-gradient":""},"mobile":{"background-color":"","background-image":"","background-repeat":"repeat","background-position":"center center","background-size":"auto","background-attachment":"scroll","background-type":"","background-media":"","overlay-type":"","overlay-color":"","overlay-opacity":"","overlay-gradient":""}},"ast-content-background-meta":{"desktop":{"background-color":"var(--ast-global-color-5)","background-image":"","background-repeat":"repeat","background-position":"center center","background-size":"auto","background-attachment":"scroll","background-type":"","background-media":"","overlay-type":"","overlay-color":"","overlay-opacity":"","overlay-gradient":""},"tablet":{"background-color":"var(--ast-global-color-5)","background-image":"","background-repeat":"repeat","background-position":"center center","background-size":"auto","background-attachment":"scroll","background-type":"","background-media":"","overlay-type":"","overlay-color":"","overlay-opacity":"","overlay-gradient":""},"mobile":{"background-color":"var(--ast-global-color-5)","background-image":"","background-repeat":"repeat","background-position":"center center","background-size":"auto","background-attachment":"scroll","background-type":"","background-media":"","overlay-type":"","overlay-color":"","overlay-opacity":"","overlay-gradient":""}},"footnotes":""},"class_list":["post-2427","page","type-page","status-publish","hentry"],"jetpack_sharing_enabled":true,"_links":{"self":[{"href":"https:\/\/amati.org.gt\/en\/wp-json\/wp\/v2\/pages\/2427","targetHints":{"allow":["GET"]}}],"collection":[{"href":"https:\/\/amati.org.gt\/en\/wp-json\/wp\/v2\/pages"}],"about":[{"href":"https:\/\/amati.org.gt\/en\/wp-json\/wp\/v2\/types\/page"}],"author":[{"embeddable":true,"href":"https:\/\/amati.org.gt\/en\/wp-json\/wp\/v2\/users\/1"}],"replies":[{"embeddable":true,"href":"https:\/\/amati.org.gt\/en\/wp-json\/wp\/v2\/comments?post=2427"}],"version-history":[{"count":66,"href":"https:\/\/amati.org.gt\/en\/wp-json\/wp\/v2\/pages\/2427\/revisions"}],"predecessor-version":[{"id":2636,"href":"https:\/\/amati.org.gt\/en\/wp-json\/wp\/v2\/pages\/2427\/revisions\/2636"}],"wp:attachment":[{"href":"https:\/\/amati.org.gt\/en\/wp-json\/wp\/v2\/media?parent=2427"}],"curies":[{"name":"wp","href":"https:\/\/api.w.org\/{rel}","templated":true}]}}